{"id":11879,"date":"2024-02-23T11:50:17","date_gmt":"2024-02-23T11:50:17","guid":{"rendered":"https:\/\/giatsu.com\/?post_type=product&#038;p=11879"},"modified":"2025-07-16T06:09:27","modified_gmt":"2025-07-16T06:09:27","slug":"eco-thermal-monoblock-r290","status":"publish","type":"product","link":"https:\/\/giatsu.com\/es\/aerotermia\/bombas-de-calor\/ecothermal\/eco-thermal-monoblock-r290\/","title":{"rendered":"ECO-THERMAL MONOBLOCK R290"},"content":{"rendered":"<div class=\"wpb-content-wrapper\"><p>&nbsp;<\/p>\n<div class=\"container mb-1 moduloprincipalespictos\">\n<h2 class=\"text-center tituloprincipales\">Caracter\u00edsticas principales<\/h2>\n<div class=\"row row-cols-1 row-cols-md-2 row-cols-xl-3\">\n<div class=\"col-xs-6 col-md-3 order-last\">\n<div class=\"card\"><img decoding=\"async\" class=\"card-img-top w-100 d-block fit-cover pictoprincipalgrande\" src=\"https:\/\/giatsu.com\/wp-content\/uploads\/2023\/08\/wifi-incluido-cb8169.webp\" \/><\/p>\n<div class=\"card-body p-4\">\n<h3 class=\"font-weight-bold card-title\">wifi incluido<\/h3>\n<p class=\"card-text\">A trav\u00e9s de la aplicaci\u00f3n GIApp se puede controlar el equipo desde un smartphone, tablet o por voz con Alexa y Google Home.<\/p>\n<\/div>\n<\/div>\n<\/div>\n<div class=\"col-xs-6 col-md-3 order-last\">\n<div class=\"card\"><img decoding=\"async\" class=\"card-img-top w-100 d-block fit-cover pictoprincipalgrande\" src=\"https:\/\/giatsu.com\/wp-content\/uploads\/2023\/08\/control-cableado-c520c6.webp\" \/><\/p>\n<div class=\"card-body p-4\">\n<h3 class=\"font-weight-bold card-title\">Control cableado<\/h3>\n<p class=\"card-text\">Incluye control cableado con programaci\u00f3n semanal.<\/p>\n<\/div>\n<\/div>\n<\/div>\n<div class=\"col-xs-6 col-md-3 order-last\">\n<div class=\"card\"><img decoding=\"async\" class=\"card-img-top w-100 d-block fit-cover pictoprincipalgrande\" src=\"https:\/\/giatsu.com\/wp-content\/uploads\/2024\/06\/gas-r290-04efb2.webp\" \/><\/p>\n<div class=\"card-body p-4\">\n<h3 class=\"font-weight-bold card-title\">Gas R-290<\/h3>\n<p class=\"card-text\">\n<\/div>\n<\/div>\n<\/div>\n<\/div>\n<\/div>\n<hr \/>\n<p>[vc_row mobile_bg_img_hidden=\u00bbno\u00bb tablet_bg_img_hidden=\u00bbno\u00bb woodmart_parallax=\u00bb0&#8243; woodmart_gradient_switch=\u00bbno\u00bb row_reverse_mobile=\u00bb0&#8243; row_reverse_tablet=\u00bb0&#8243; woodmart_disable_overflow=\u00bb0&#8243; el_class=\u00bbfilaImgCaracteristica\u00bb][vc_column mobile_bg_img_hidden=\u00bbno\u00bb tablet_bg_img_hidden=\u00bbno\u00bb woodmart_parallax=\u00bb0&#8243; woodmart_sticky_column=\u00bbfalse\u00bb parallax_scroll=\u00bbno\u00bb mobile_reset_margin=\u00bbno\u00bb tablet_reset_margin=\u00bbno\u00bb]<\/p>\n<div class=\"container mb-1\">\n<h3 class=\"text-center\">Informaci\u00f3n t\u00e9cnica<\/h3>\n<div class=\"row row-cols-1 row-cols-md-2 row-cols-xl-3 justify-content-md-center\">\n<div class=\"col-xs-1 col-md-1\">\n<div class=\"card\"><img decoding=\"async\" class=\"card-img-top w-100 d-block fit-cover pictoprincipalgrande\" src=\"https:\/\/giatsu.com\/wp-content\/uploads\/2025\/01\/control-2-zonas-5e47fe.webp\" \/><\/p>\n<div class=\"card-body p-4\">\n<h4 class=\"card-text textospictospeques\">Control 2 zonas<\/h4>\n<\/div>\n<\/div>\n<\/div>\n<div class=\"col-xs-1 col-md-1\">\n<div class=\"card\"><img decoding=\"async\" class=\"card-img-top w-100 d-block fit-cover pictoprincipalgrande\" src=\"https:\/\/giatsu.com\/wp-content\/uploads\/2023\/08\/montar_en_cascada-207cb8.webp\" \/><\/p>\n<div class=\"card-body p-4\">\n<h4 class=\"card-text textospictospeques\">Montar en cascada<\/h4>\n<\/div>\n<\/div>\n<\/div>\n<div class=\"col-xs-1 col-md-1\">\n<div class=\"card\"><img decoding=\"async\" class=\"card-img-top w-100 d-block fit-cover pictoprincipalgrande\" src=\"https:\/\/giatsu.com\/wp-content\/uploads\/2023\/08\/modo_frio_y_calor-63c3e9.webp\" \/><\/p>\n<div class=\"card-body p-4\">\n<h4 class=\"card-text textospictospeques\">Modo fr\u00edo y calor<\/h4>\n<\/div>\n<\/div>\n<\/div>\n<div class=\"col-xs-1 col-md-1\">\n<div class=\"card\"><img decoding=\"async\" class=\"card-img-top w-100 d-block fit-cover pictoprincipalgrande\" src=\"https:\/\/giatsu.com\/wp-content\/uploads\/2023\/11\/compresor_y_ventiladores_dc_inverter-98e07d.webp\" \/><\/p>\n<div class=\"card-body p-4\">\n<h4 class=\"card-text textospictospeques\">Compresor y ventiladores DC inverter<\/h4>\n<\/div>\n<\/div>\n<\/div>\n<div class=\"col-xs-1 col-md-1\">\n<div class=\"card\"><img decoding=\"async\" class=\"card-img-top w-100 d-block fit-cover pictoprincipalgrande\" src=\"https:\/\/giatsu.com\/wp-content\/uploads\/2023\/08\/amplio_rango_de_funcionamiento2-22fb93.webp\" \/><\/p>\n<div class=\"card-body p-4\">\n<h4 class=\"card-text textospictospeques\">Amplio rango de funcionamiento<\/h4>\n<\/div>\n<\/div>\n<\/div>\n<\/div>\n<\/div>\n<div class=\"row justify-content-md-center\">\n<div id=\"botonDescargarFicha\" class=\"vc_btn3-container vc_btn3-inline\"><a class=\"btn btn-light border rounded-4 botondescarga\" title=\"\" href=\"https:\/\/giatsu.com\/documentacion\/\/giatsu-fichas-tecnicas-ecothermal-eco-thermal-plus-2-espanol.pdf\" target=\"_blank\" rel=\"noopener\">Descargar ficha t\u00e9cnica<\/a><\/div>\n<\/div>\n<\/div>","protected":false},"excerpt":{"rendered":"<p>Descubre la <strong>Eco-Thermal Monoblock R290<\/strong>, una bomba de calor dise\u00f1ada con tecnolog\u00eda avanzada que la convierte en la opci\u00f3n m\u00e1s segura y eficiente del mercado. Perfecta para aquellos que buscan soluciones de climatizaci\u00f3n sostenibles, econ\u00f3micas y confiables.<\/p>\n<h4>Caracter\u00edsticas principales:<\/h4>\n<ul>\n<li><strong>M\u00e1xima seguridad:<\/strong> equipada con un sensor de fugas que corta la corriente de forma inmediata al detectar p\u00e9rdidas en el circuito frigor\u00edfico interno, garantizando la protecci\u00f3n del sistema y del entorno. Adem\u00e1s, cuenta con un canal de ventilaci\u00f3n independiente para las partes el\u00e9ctricas.<\/li>\n<li><strong>Sostenibilidad l\u00edder:<\/strong> funciona con refrigerante R290, conocido por su bajo impacto ambiental con un GWP (Potencial de Calentamiento Global) de tan solo 3.<\/li>\n<li><strong>Eficiencia energ\u00e9tica excepcional:<\/strong> dise\u00f1ada para marcar un hito en eficiencia y sostenibilidad, optimizando el consumo de energ\u00eda.<\/li>\n<li><strong>Carga de refrigerante reducida:<\/strong> sistema optimizado para trabajar con una m\u00ednima cantidad de refrigerante sin comprometer el rendimiento.<\/li>\n<li>Muy eficiente en t\u00e9rminos energ\u00e9ticos.<\/li>\n<li>Wifi incluido compatible con Alexa y Google Home.<\/li>\n<li>Amplio rango de funcionamiento.<\/li>\n<li>Intercambiador de acero inoxidable.<\/li>\n<li>Modo fr\u00edo, calor y ACS.<\/li>\n<li>Control cableado.<\/li>\n<\/ul>\n<p>Con la <strong>Eco-Thermal Monoblock R290<\/strong>, tu hogar o negocio no solo disfrutar\u00e1 de un ambiente confortable, sino que tambi\u00e9n contribuir\u00e1s al cuidado del medio ambiente, de la forma m\u00e1s segura para ti y los tuyos.<\/p>\n<p>\u00a1Revoluciona tu sistema de climatizaci\u00f3n con una soluci\u00f3n segura, sostenible y altamente eficiente!<\/p>\n<p>Potencias disponibles: 7KW, 9KW, 12KW, 16KW<\/p>\n<div class=\"divPictosEnergia\">[vc_single_image image=&#8217;10505&#8242; alignment=&#8217;center&#8217; woodmart_inline=&#8217;no&#8217; parallax_scroll=&#8217;no&#8217; el_class=&#8217;imgEnergia&#8217; img_size=&#8217;72&#215;36&#8242;]<\/div>\n","protected":false},"featured_media":12786,"template":"","meta":{"_monsterinsights_skip_tracking":false,"_monsterinsights_sitenote_active":false,"_monsterinsights_sitenote_note":"","_monsterinsights_sitenote_category":0},"product_brand":[],"product_cat":[560,575,585],"product_tag":[687,693,694],"class_list":{"0":"post-11879","1":"product","2":"type-product","3":"status-publish","4":"has-post-thumbnail","6":"product_cat-aerotermia","7":"product_cat-bombas-de-calor","8":"product_cat-ecothermal","9":"product_tag-aerotermia","10":"product_tag-eficiencia","11":"product_tag-r290","13":"first","14":"instock","15":"featured","16":"shipping-taxable","17":"product-type-simple"},"yoast_head":"<!-- This site is optimized with the Yoast SEO plugin v26.6 - https:\/\/yoast.com\/wordpress\/plugins\/seo\/ -->\n<title>Eco-thermal Monoblock R290 de Giatsu<\/title>\n<meta name=\"description\" content=\"Bomba de calor eficiente y sostenible que usa el refrigerante natural R290. Con tecnolog\u00eda Full Inverter, ofrece calefacci\u00f3n, refrigeraci\u00f3n y ACS, y tiene conectividad wifi. Disponible en potencias de 7 kW a 16 kW.\" \/>\n<meta name=\"robots\" content=\"index, follow, max-snippet:-1, max-image-preview:large, max-video-preview:-1\" \/>\n<link rel=\"canonical\" href=\"https:\/\/giatsu.com\/es\/aerotermia\/bombas-de-calor\/ecothermal\/eco-thermal-monoblock-r290\/\" \/>\n<meta property=\"og:locale\" content=\"es_ES\" \/>\n<meta property=\"og:type\" content=\"article\" \/>\n<meta property=\"og:title\" content=\"Eco-thermal Monoblock R290 de Giatsu\" \/>\n<meta property=\"og:description\" content=\"Bomba de calor eficiente y sostenible que usa el refrigerante natural R290. Con tecnolog\u00eda Full Inverter, ofrece calefacci\u00f3n, refrigeraci\u00f3n y ACS, y tiene conectividad wifi. Disponible en potencias de 7 kW a 16 kW.\" \/>\n<meta property=\"og:url\" content=\"https:\/\/giatsu.com\/es\/aerotermia\/bombas-de-calor\/ecothermal\/eco-thermal-monoblock-r290\/\" \/>\n<meta property=\"og:site_name\" content=\"GIATSU\" \/>\n<meta property=\"article:modified_time\" content=\"2025-07-16T06:09:27+00:00\" \/>\n<meta property=\"og:image\" content=\"https:\/\/giatsu.com\/wp-content\/uploads\/2025\/01\/eco-thermal-monoblock-r290-1b5d5f.webp\" \/>\n\t<meta property=\"og:image:width\" content=\"500\" \/>\n\t<meta property=\"og:image:height\" content=\"500\" \/>\n\t<meta property=\"og:image:type\" content=\"image\/webp\" \/>\n<meta name=\"twitter:card\" content=\"summary_large_image\" \/>\n<meta name=\"twitter:label1\" content=\"Tiempo de lectura\" \/>\n\t<meta name=\"twitter:data1\" content=\"3 minutos\" \/>\n<script type=\"application\/ld+json\" class=\"yoast-schema-graph\">{\"@context\":\"https:\/\/schema.org\",\"@graph\":[{\"@type\":\"WebPage\",\"@id\":\"https:\/\/giatsu.com\/es\/aerotermia\/bombas-de-calor\/ecothermal\/eco-thermal-monoblock-r290\/\",\"url\":\"https:\/\/giatsu.com\/es\/aerotermia\/bombas-de-calor\/ecothermal\/eco-thermal-monoblock-r290\/\",\"name\":\"Eco-thermal Monoblock R290 de Giatsu\",\"isPartOf\":{\"@id\":\"https:\/\/giatsu.com\/es\/#website\"},\"primaryImageOfPage\":{\"@id\":\"https:\/\/giatsu.com\/es\/aerotermia\/bombas-de-calor\/ecothermal\/eco-thermal-monoblock-r290\/#primaryimage\"},\"image\":{\"@id\":\"https:\/\/giatsu.com\/es\/aerotermia\/bombas-de-calor\/ecothermal\/eco-thermal-monoblock-r290\/#primaryimage\"},\"thumbnailUrl\":\"https:\/\/giatsu.com\/wp-content\/uploads\/2025\/01\/eco-thermal-monoblock-r290-1b5d5f.webp\",\"datePublished\":\"2024-02-23T11:50:17+00:00\",\"dateModified\":\"2025-07-16T06:09:27+00:00\",\"description\":\"Bomba de calor eficiente y sostenible que usa el refrigerante natural R290. Con tecnolog\u00eda Full Inverter, ofrece calefacci\u00f3n, refrigeraci\u00f3n y ACS, y tiene conectividad wifi. Disponible en potencias de 7 kW a 16 kW.\",\"breadcrumb\":{\"@id\":\"https:\/\/giatsu.com\/es\/aerotermia\/bombas-de-calor\/ecothermal\/eco-thermal-monoblock-r290\/#breadcrumb\"},\"inLanguage\":\"es\",\"potentialAction\":[{\"@type\":\"ReadAction\",\"target\":[\"https:\/\/giatsu.com\/es\/aerotermia\/bombas-de-calor\/ecothermal\/eco-thermal-monoblock-r290\/\"]}]},{\"@type\":\"ImageObject\",\"inLanguage\":\"es\",\"@id\":\"https:\/\/giatsu.com\/es\/aerotermia\/bombas-de-calor\/ecothermal\/eco-thermal-monoblock-r290\/#primaryimage\",\"url\":\"https:\/\/giatsu.com\/wp-content\/uploads\/2025\/01\/eco-thermal-monoblock-r290-1b5d5f.webp\",\"contentUrl\":\"https:\/\/giatsu.com\/wp-content\/uploads\/2025\/01\/eco-thermal-monoblock-r290-1b5d5f.webp\",\"width\":500,\"height\":500},{\"@type\":\"BreadcrumbList\",\"@id\":\"https:\/\/giatsu.com\/es\/aerotermia\/bombas-de-calor\/ecothermal\/eco-thermal-monoblock-r290\/#breadcrumb\",\"itemListElement\":[{\"@type\":\"ListItem\",\"position\":1,\"name\":\"Home\",\"item\":\"https:\/\/giatsu.com\/es\/\"},{\"@type\":\"ListItem\",\"position\":2,\"name\":\"PRODUCTOS\",\"item\":\"https:\/\/giatsu.com\/es\/productos\/\"},{\"@type\":\"ListItem\",\"position\":3,\"name\":\"ECO-THERMAL MONOBLOCK R290\"}]},{\"@type\":\"WebSite\",\"@id\":\"https:\/\/giatsu.com\/es\/#website\",\"url\":\"https:\/\/giatsu.com\/es\/\",\"name\":\"GIATSU\",\"description\":\"Quality Comfort Everywhere\",\"potentialAction\":[{\"@type\":\"SearchAction\",\"target\":{\"@type\":\"EntryPoint\",\"urlTemplate\":\"https:\/\/giatsu.com\/es\/?s={search_term_string}\"},\"query-input\":{\"@type\":\"PropertyValueSpecification\",\"valueRequired\":true,\"valueName\":\"search_term_string\"}}],\"inLanguage\":\"es\"}]}<\/script>\n<!-- \/ Yoast SEO plugin. -->","yoast_head_json":{"title":"Eco-thermal Monoblock R290 de Giatsu","description":"Bomba de calor eficiente y sostenible que usa el refrigerante natural R290. Con tecnolog\u00eda Full Inverter, ofrece calefacci\u00f3n, refrigeraci\u00f3n y ACS, y tiene conectividad wifi. Disponible en potencias de 7 kW a 16 kW.","robots":{"index":"index","follow":"follow","max-snippet":"max-snippet:-1","max-image-preview":"max-image-preview:large","max-video-preview":"max-video-preview:-1"},"canonical":"https:\/\/giatsu.com\/es\/aerotermia\/bombas-de-calor\/ecothermal\/eco-thermal-monoblock-r290\/","og_locale":"es_ES","og_type":"article","og_title":"Eco-thermal Monoblock R290 de Giatsu","og_description":"Bomba de calor eficiente y sostenible que usa el refrigerante natural R290. Con tecnolog\u00eda Full Inverter, ofrece calefacci\u00f3n, refrigeraci\u00f3n y ACS, y tiene conectividad wifi. Disponible en potencias de 7 kW a 16 kW.","og_url":"https:\/\/giatsu.com\/es\/aerotermia\/bombas-de-calor\/ecothermal\/eco-thermal-monoblock-r290\/","og_site_name":"GIATSU","article_modified_time":"2025-07-16T06:09:27+00:00","og_image":[{"width":500,"height":500,"url":"https:\/\/giatsu.com\/wp-content\/uploads\/2025\/01\/eco-thermal-monoblock-r290-1b5d5f.webp","type":"image\/webp"}],"twitter_card":"summary_large_image","twitter_misc":{"Tiempo de lectura":"3 minutos"},"schema":{"@context":"https:\/\/schema.org","@graph":[{"@type":"WebPage","@id":"https:\/\/giatsu.com\/es\/aerotermia\/bombas-de-calor\/ecothermal\/eco-thermal-monoblock-r290\/","url":"https:\/\/giatsu.com\/es\/aerotermia\/bombas-de-calor\/ecothermal\/eco-thermal-monoblock-r290\/","name":"Eco-thermal Monoblock R290 de Giatsu","isPartOf":{"@id":"https:\/\/giatsu.com\/es\/#website"},"primaryImageOfPage":{"@id":"https:\/\/giatsu.com\/es\/aerotermia\/bombas-de-calor\/ecothermal\/eco-thermal-monoblock-r290\/#primaryimage"},"image":{"@id":"https:\/\/giatsu.com\/es\/aerotermia\/bombas-de-calor\/ecothermal\/eco-thermal-monoblock-r290\/#primaryimage"},"thumbnailUrl":"https:\/\/giatsu.com\/wp-content\/uploads\/2025\/01\/eco-thermal-monoblock-r290-1b5d5f.webp","datePublished":"2024-02-23T11:50:17+00:00","dateModified":"2025-07-16T06:09:27+00:00","description":"Bomba de calor eficiente y sostenible que usa el refrigerante natural R290. Con tecnolog\u00eda Full Inverter, ofrece calefacci\u00f3n, refrigeraci\u00f3n y ACS, y tiene conectividad wifi. Disponible en potencias de 7 kW a 16 kW.","breadcrumb":{"@id":"https:\/\/giatsu.com\/es\/aerotermia\/bombas-de-calor\/ecothermal\/eco-thermal-monoblock-r290\/#breadcrumb"},"inLanguage":"es","potentialAction":[{"@type":"ReadAction","target":["https:\/\/giatsu.com\/es\/aerotermia\/bombas-de-calor\/ecothermal\/eco-thermal-monoblock-r290\/"]}]},{"@type":"ImageObject","inLanguage":"es","@id":"https:\/\/giatsu.com\/es\/aerotermia\/bombas-de-calor\/ecothermal\/eco-thermal-monoblock-r290\/#primaryimage","url":"https:\/\/giatsu.com\/wp-content\/uploads\/2025\/01\/eco-thermal-monoblock-r290-1b5d5f.webp","contentUrl":"https:\/\/giatsu.com\/wp-content\/uploads\/2025\/01\/eco-thermal-monoblock-r290-1b5d5f.webp","width":500,"height":500},{"@type":"BreadcrumbList","@id":"https:\/\/giatsu.com\/es\/aerotermia\/bombas-de-calor\/ecothermal\/eco-thermal-monoblock-r290\/#breadcrumb","itemListElement":[{"@type":"ListItem","position":1,"name":"Home","item":"https:\/\/giatsu.com\/es\/"},{"@type":"ListItem","position":2,"name":"PRODUCTOS","item":"https:\/\/giatsu.com\/es\/productos\/"},{"@type":"ListItem","position":3,"name":"ECO-THERMAL MONOBLOCK R290"}]},{"@type":"WebSite","@id":"https:\/\/giatsu.com\/es\/#website","url":"https:\/\/giatsu.com\/es\/","name":"GIATSU","description":"Quality Comfort Everywhere","potentialAction":[{"@type":"SearchAction","target":{"@type":"EntryPoint","urlTemplate":"https:\/\/giatsu.com\/es\/?s={search_term_string}"},"query-input":{"@type":"PropertyValueSpecification","valueRequired":true,"valueName":"search_term_string"}}],"inLanguage":"es"}]}},"_links":{"self":[{"href":"https:\/\/giatsu.com\/es\/wp-json\/wp\/v2\/product\/11879","targetHints":{"allow":["GET"]}}],"collection":[{"href":"https:\/\/giatsu.com\/es\/wp-json\/wp\/v2\/product"}],"about":[{"href":"https:\/\/giatsu.com\/es\/wp-json\/wp\/v2\/types\/product"}],"wp:featuredmedia":[{"embeddable":true,"href":"https:\/\/giatsu.com\/es\/wp-json\/wp\/v2\/media\/12786"}],"wp:attachment":[{"href":"https:\/\/giatsu.com\/es\/wp-json\/wp\/v2\/media?parent=11879"}],"wp:term":[{"taxonomy":"product_brand","embeddable":true,"href":"https:\/\/giatsu.com\/es\/wp-json\/wp\/v2\/product_brand?post=11879"},{"taxonomy":"product_cat","embeddable":true,"href":"https:\/\/giatsu.com\/es\/wp-json\/wp\/v2\/product_cat?post=11879"},{"taxonomy":"product_tag","embeddable":true,"href":"https:\/\/giatsu.com\/es\/wp-json\/wp\/v2\/product_tag?post=11879"}],"curies":[{"name":"wp","href":"https:\/\/api.w.org\/{rel}","templated":true}]}}