{"id":11878,"date":"2024-02-23T11:50:15","date_gmt":"2024-02-23T11:50:15","guid":{"rendered":"https:\/\/giatsu.com\/?post_type=product&#038;p=11878"},"modified":"2025-07-15T15:59:45","modified_gmt":"2025-07-15T15:59:45","slug":"acumulador-aerotermico-vav-r290","status":"publish","type":"product","link":"https:\/\/giatsu.com\/es\/aerotermia\/acumuladores-aerotermicos\/acumulador-aerotermico-vav-r290\/","title":{"rendered":"ACUMULADOR AEROT\u00c9RMICO VAV R290"},"content":{"rendered":"<div class=\"wpb-content-wrapper\"><p>&nbsp;<\/p>\n<div class=\"container mb-1 moduloprincipalespictos\">\n<h2 class=\"text-center tituloprincipales\">Caracter\u00edsticas principales<\/h2>\n<div class=\"row row-cols-1 row-cols-md-2 row-cols-xl-3\">\n<div class=\"col-xs-6 col-md-3 order-last\">\n<div class=\"card\"><img decoding=\"async\" class=\"card-img-top w-100 d-block fit-cover pictoprincipalgrande\" src=\"https:\/\/giatsu.com\/wp-content\/uploads\/2023\/08\/wifi-incluido-cb8169.webp\" \/><\/p>\n<div class=\"card-body p-4\">\n<h3 class=\"font-weight-bold card-title\">wifi incluido<\/h3>\n<p class=\"card-text\">A trav\u00e9s de la aplicaci\u00f3n GIApp se puede controlar el equipo desde un smartphone, tablet o por voz con Alexa y Google Home.<\/p>\n<\/div>\n<\/div>\n<\/div>\n<div class=\"col-xs-6 col-md-3 order-last\">\n<div class=\"card\"><img decoding=\"async\" class=\"card-img-top w-100 d-block fit-cover pictoprincipalgrande\" src=\"https:\/\/giatsu.com\/wp-content\/uploads\/2023\/08\/anodo-de-magnesio-anticorrosion-88b41c.webp\" \/><\/p>\n<div class=\"card-body p-4\">\n<h3 class=\"font-weight-bold card-title\">\u00c1nodo de magnesio anticorrosi\u00f3n<\/h3>\n<p class=\"card-text\">Incorpora un \u00e1nodo de magnesio anticorrosivo que aumenta la vida \u00fatil de la cuba y de la resistencia.<\/p>\n<\/div>\n<\/div>\n<\/div>\n<div class=\"col-xs-6 col-md-3 order-last\">\n<div class=\"card\"><img decoding=\"async\" class=\"card-img-top w-100 d-block fit-cover pictoprincipalgrande\" src=\"https:\/\/giatsu.com\/wp-content\/uploads\/2023\/08\/antilegionela-51edba.webp\" \/><\/p>\n<div class=\"card-body p-4\">\n<h3 class=\"font-weight-bold card-title\">Anti-legionela<\/h3>\n<p class=\"card-text\">Protecci\u00f3n contra la bacteria desarrollada en equipos de agua y torres de refrigeraci\u00f3n.<\/p>\n<\/div>\n<\/div>\n<\/div>\n<div class=\"col-xs-6 col-md-3 order-last\">\n<div class=\"card\"><img decoding=\"async\" class=\"card-img-top w-100 d-block fit-cover pictoprincipalgrande\" src=\"https:\/\/giatsu.com\/wp-content\/uploads\/2024\/06\/substituye-calentador-y-termo-dd4000.webp\" \/><\/p>\n<div class=\"card-body p-4\">\n<h3 class=\"font-weight-bold card-title\">Substituye calentador y termo<\/h3>\n<p class=\"card-text\">Estos equipos son una alternativa m\u00e1s eficiente y rentable que los tradicionales calentadores o termos.<\/p>\n<\/div>\n<\/div>\n<\/div>\n<div class=\"col-xs-6 col-md-3 order-last\">\n<div class=\"card\"><img decoding=\"async\" class=\"card-img-top w-100 d-block fit-cover pictoprincipalgrande\" src=\"https:\/\/giatsu.com\/wp-content\/uploads\/2024\/06\/gas-r290-04efb2.webp\" \/><\/p>\n<div class=\"card-body p-4\">\n<h3 class=\"font-weight-bold card-title\">Gas R-290<\/h3>\n<p class=\"card-text\">\n<\/div>\n<\/div>\n<\/div>\n<div class=\"col-xs-6 col-md-3 order-last\">\n<div class=\"card\"><img decoding=\"async\" class=\"card-img-top w-100 d-block fit-cover pictoprincipalgrande\" src=\"https:\/\/giatsu.com\/wp-content\/uploads\/2024\/06\/resistencia-electrica-54ff26.webp\" \/><\/p>\n<div class=\"card-body p-4\">\n<h3 class=\"font-weight-bold card-title\">Resistencia el\u00e9ctrica<\/h3>\n<p class=\"card-text\">\n<\/div>\n<\/div>\n<\/div>\n<div class=\"col-xs-6 col-md-3 order-last\">\n<div class=\"card\"><img decoding=\"async\" class=\"card-img-top w-100 d-block fit-cover pictoprincipalgrande\" src=\"https:\/\/giatsu.com\/wp-content\/uploads\/2024\/06\/maxima-temperatura-eb0b06.webp\" \/><\/p>\n<div class=\"card-body p-4\">\n<h3 class=\"font-weight-bold card-title\">M\u00e1xima temperatura de salida de agua<\/h3>\n<p class=\"card-text\">\n<\/div>\n<\/div>\n<\/div>\n<div class=\"col-xs-6 col-md-3 order-last\">\n<div class=\"card\"><img decoding=\"async\" class=\"card-img-top w-100 d-block fit-cover pictoprincipalgrande\" src=\"https:\/\/giatsu.com\/wp-content\/uploads\/2024\/06\/compatible-con-energia-solar-fotovoltaica-26ba2a.webp\" \/><\/p>\n<div class=\"card-body p-4\">\n<h3 class=\"font-weight-bold card-title\">Compatible con energ\u00eda solar fotovoltaica<\/h3>\n<p class=\"card-text\">Conexi\u00f3n PV (EVU)<\/p>\n<\/div>\n<\/div>\n<\/div>\n<div class=\"col-xs-6 col-md-3 order-last\">\n<div class=\"card\"><img decoding=\"async\" class=\"card-img-top w-100 d-block fit-cover pictoprincipalgrande\" src=\"https:\/\/giatsu.com\/wp-content\/uploads\/2024\/06\/deposito-de-acero-vitrificado-ea3df1.webp\" \/><\/p>\n<div class=\"card-body p-4\">\n<h3 class=\"font-weight-bold card-title\">Dep\u00f3sito de acero vitrificado<\/h3>\n<p class=\"card-text\">\n<\/div>\n<\/div>\n<\/div>\n<div class=\"col-xs-6 col-md-3 order-last\">\n<div class=\"card\"><img decoding=\"async\" class=\"card-img-top w-100 d-block fit-cover pictoprincipalgrande\" src=\"https:\/\/giatsu.com\/wp-content\/uploads\/2024\/06\/instalacion-mural-o-suelo-4cf2b9.webp\" \/><\/p>\n<div class=\"card-body p-4\">\n<h3 class=\"font-weight-bold card-title\">Instalaci\u00f3n mural o suelo<\/h3>\n<p class=\"card-text\">*Seg\u00fan modelo<\/p>\n<\/div>\n<\/div>\n<\/div>\n<\/div>\n<\/div>\n<hr \/>\n<p>[vc_row mobile_bg_img_hidden=\u00bbno\u00bb tablet_bg_img_hidden=\u00bbno\u00bb woodmart_parallax=\u00bb0&#8243; woodmart_gradient_switch=\u00bbno\u00bb row_reverse_mobile=\u00bb0&#8243; row_reverse_tablet=\u00bb0&#8243; woodmart_disable_overflow=\u00bb0&#8243; el_class=\u00bbfilaImgCaracteristica\u00bb][vc_column mobile_bg_img_hidden=\u00bbno\u00bb tablet_bg_img_hidden=\u00bbno\u00bb woodmart_parallax=\u00bb0&#8243; woodmart_sticky_column=\u00bbfalse\u00bb parallax_scroll=\u00bbno\u00bb mobile_reset_margin=\u00bbno\u00bb tablet_reset_margin=\u00bbno\u00bb]<\/p>\n<div class=\"row justify-content-md-center\">\n<div id=\"botonDescargarFicha\" class=\"vc_btn3-container vc_btn3-inline\"><a class=\"btn btn-light border rounded-4 botondescarga\" title=\"\" href=\"https:\/\/giatsu.com\/documentacion\/\/giatsu-fichas-tecnicas-acumuladores-aerotermicos-vav-espanol.pdf\" target=\"_blank\" rel=\"noopener\">Descargar ficha t\u00e9cnica<\/a><\/div>\n<\/div>\n<div class=\"row\">\n<hr \/>\n<div class=\"col text-center\"><a class=\"btn btn-light border rounded-4 botonDescargaManual botondescarga\" href=\"https:\/\/giatsu.com\/documentacion\/\/giatsu-manual-de-usuario-e-instalacion-acumuladores-aerotermicos-vav-multiidioma.pdf\" target=\"_blank\" rel=\"noopener\">Manual de usuario<\/a><\/div>\n<div class=\"col text-center\"><a class=\"btn btn-light border rounded-4 botonDescargaManual botondescarga\" href=\"https:\/\/giatsu.com\/documentacion\/\/giatsu-manual-de-usuario-e-instalacion-acumuladores-aerotermicos-vav-multiidioma.pdf\" target=\"_blank\" rel=\"noopener\">Manual de instalaci\u00f3n<\/a><\/div>\n<hr \/>\n<\/div>\n<\/div>","protected":false},"excerpt":{"rendered":"<p>Descubre el <strong>Acumulador Aerot\u00e9rmico Vitrificado, VAV R290<\/strong>: innovaci\u00f3n y eficiencia para el hogar<\/p>\n<p>\u00a1Revoluciona el espacio con los acumuladores aerot\u00e9rmicos vitrificados!<\/p>\n<p>VAV R290 es compatible con energ\u00eda solar fotovoltaica y puede gestionarse f\u00e1cilmente desde una aplicaci\u00f3n m\u00f3vil. As\u00ed, podr\u00e1s controlar el equipo desde cualquier lugar, garantizando comodidad y eficiencia.<\/p>\n<p>Adem\u00e1s, las capacidades de 100 y 160 litros, en posici\u00f3n mural, son ideales para instalar en la cocina, optimizando al m\u00e1ximo el espacio sin sacrificar rendimiento.<\/p>\n<p>Nuestros acumuladores no solo son modernos y f\u00e1ciles de usar, sino que tambi\u00e9n ayudar\u00e1n a ahorrar en las facturas de energ\u00eda.<\/p>\n<p><strong>Caracter\u00edsticas principales:<\/strong><\/p>\n<ul>\n<li>Clase energ\u00e9tica A++. (seg\u00fan modelo y condiciones de prueba).<\/li>\n<li>COP superiores a 3.0.<\/li>\n<li>Gas refrigerante ecol\u00f3gico.<\/li>\n<li>Wifi incluido.<\/li>\n<li>Compresor Rotary Inverter.<\/li>\n<li>Tanque de Vitrificado.<\/li>\n<li>Incluye \u00e1nodo de magnesio.<\/li>\n<li>Posici\u00f3n mural modelos 100L y 160L.<\/li>\n<\/ul>\n<p>10 a\u00f1os de garant\u00eda en el compresor.<\/p>\n<p>Capacidades disponibles: 100L, 160L, 200L, 300L<\/p>\n<p>&nbsp;<\/p>\n<div class=\"divPictosEnergia\">[vc_single_image image=&#8217;12364&#8242; alignment=&#8217;center&#8217; woodmart_inline=&#8217;no&#8217; parallax_scroll=&#8217;no&#8217; el_class=&#8217;imgEnergia&#8217; img_size=&#8217;72&#215;36&#8242;]<\/div>\n","protected":false},"featured_media":12301,"template":"","meta":{"_monsterinsights_skip_tracking":false,"_monsterinsights_sitenote_active":false,"_monsterinsights_sitenote_note":"","_monsterinsights_sitenote_category":0},"product_brand":[],"product_cat":[577,560],"product_tag":[689,688,687,690,692,693,691,694],"class_list":{"0":"post-11878","1":"product","2":"type-product","3":"status-publish","4":"has-post-thumbnail","6":"product_cat-acumuladores-aerotermicos","7":"product_cat-aerotermia","8":"product_tag-acs","9":"product_tag-acumuladores-aerotermicos","10":"product_tag-aerotermia","11":"product_tag-agua-caliente-sanitaria","12":"product_tag-ahorro-de-energia","13":"product_tag-eficiencia","14":"product_tag-energia-renovable","15":"product_tag-r290","17":"first","18":"instock","19":"shipping-taxable","20":"product-type-simple"},"yoast_head":"<!-- This site is optimized with the Yoast SEO plugin v27.4 - https:\/\/yoast.com\/product\/yoast-seo-wordpress\/ -->\n<title>Acumulador Aerot\u00e9rmico Vitrificado VAV R290<\/title>\n<meta name=\"description\" content=\"VAV R290 es compatible con energ\u00eda solar fotovoltaica y puede gestionarse f\u00e1cilmente desde una aplicaci\u00f3n m\u00f3vil. As\u00ed, podr\u00e1s controlar tu equipo desde cualquier lugar, garantizando comodidad y eficiencia.\" \/>\n<meta name=\"robots\" content=\"index, follow, max-snippet:-1, max-image-preview:large, max-video-preview:-1\" \/>\n<link rel=\"canonical\" href=\"https:\/\/giatsu.com\/es\/aerotermia\/acumuladores-aerotermicos\/acumulador-aerotermico-vav-r290\/\" \/>\n<meta property=\"og:locale\" content=\"es_ES\" \/>\n<meta property=\"og:type\" content=\"article\" \/>\n<meta property=\"og:title\" content=\"Acumulador Aerot\u00e9rmico Vitrificado VAV R290\" \/>\n<meta property=\"og:description\" content=\"VAV R290 es compatible con energ\u00eda solar fotovoltaica y puede gestionarse f\u00e1cilmente desde una aplicaci\u00f3n m\u00f3vil. As\u00ed, podr\u00e1s controlar tu equipo desde cualquier lugar, garantizando comodidad y eficiencia.\" \/>\n<meta property=\"og:url\" content=\"https:\/\/giatsu.com\/es\/aerotermia\/acumuladores-aerotermicos\/acumulador-aerotermico-vav-r290\/\" \/>\n<meta property=\"og:site_name\" content=\"GIATSU\" \/>\n<meta property=\"article:modified_time\" content=\"2025-07-15T15:59:45+00:00\" \/>\n<meta property=\"og:image\" content=\"https:\/\/giatsu.com\/wp-content\/uploads\/2024\/06\/vav-r290_200l-017fb9.webp\" \/>\n\t<meta property=\"og:image:width\" content=\"500\" \/>\n\t<meta property=\"og:image:height\" content=\"500\" \/>\n\t<meta property=\"og:image:type\" content=\"image\/webp\" \/>\n<meta name=\"twitter:card\" content=\"summary_large_image\" \/>\n<meta name=\"twitter:label1\" content=\"Tiempo de lectura\" \/>\n\t<meta name=\"twitter:data1\" content=\"3 minutos\" \/>\n<script type=\"application\/ld+json\" class=\"yoast-schema-graph\">{\"@context\":\"https:\\\/\\\/schema.org\",\"@graph\":[{\"@type\":\"WebPage\",\"@id\":\"https:\\\/\\\/giatsu.com\\\/es\\\/aerotermia\\\/acumuladores-aerotermicos\\\/acumulador-aerotermico-vav-r290\\\/\",\"url\":\"https:\\\/\\\/giatsu.com\\\/es\\\/aerotermia\\\/acumuladores-aerotermicos\\\/acumulador-aerotermico-vav-r290\\\/\",\"name\":\"Acumulador Aerot\u00e9rmico Vitrificado VAV R290\",\"isPartOf\":{\"@id\":\"https:\\\/\\\/giatsu.com\\\/es\\\/#website\"},\"primaryImageOfPage\":{\"@id\":\"https:\\\/\\\/giatsu.com\\\/es\\\/aerotermia\\\/acumuladores-aerotermicos\\\/acumulador-aerotermico-vav-r290\\\/#primaryimage\"},\"image\":{\"@id\":\"https:\\\/\\\/giatsu.com\\\/es\\\/aerotermia\\\/acumuladores-aerotermicos\\\/acumulador-aerotermico-vav-r290\\\/#primaryimage\"},\"thumbnailUrl\":\"https:\\\/\\\/giatsu.com\\\/wp-content\\\/uploads\\\/2024\\\/06\\\/vav-r290_200l-017fb9.webp\",\"datePublished\":\"2024-02-23T11:50:15+00:00\",\"dateModified\":\"2025-07-15T15:59:45+00:00\",\"description\":\"VAV R290 es compatible con energ\u00eda solar fotovoltaica y puede gestionarse f\u00e1cilmente desde una aplicaci\u00f3n m\u00f3vil. As\u00ed, podr\u00e1s controlar tu equipo desde cualquier lugar, garantizando comodidad y eficiencia.\",\"breadcrumb\":{\"@id\":\"https:\\\/\\\/giatsu.com\\\/es\\\/aerotermia\\\/acumuladores-aerotermicos\\\/acumulador-aerotermico-vav-r290\\\/#breadcrumb\"},\"inLanguage\":\"es\",\"potentialAction\":[{\"@type\":\"ReadAction\",\"target\":[\"https:\\\/\\\/giatsu.com\\\/es\\\/aerotermia\\\/acumuladores-aerotermicos\\\/acumulador-aerotermico-vav-r290\\\/\"]}]},{\"@type\":\"ImageObject\",\"inLanguage\":\"es\",\"@id\":\"https:\\\/\\\/giatsu.com\\\/es\\\/aerotermia\\\/acumuladores-aerotermicos\\\/acumulador-aerotermico-vav-r290\\\/#primaryimage\",\"url\":\"https:\\\/\\\/giatsu.com\\\/wp-content\\\/uploads\\\/2024\\\/06\\\/vav-r290_200l-017fb9.webp\",\"contentUrl\":\"https:\\\/\\\/giatsu.com\\\/wp-content\\\/uploads\\\/2024\\\/06\\\/vav-r290_200l-017fb9.webp\",\"width\":500,\"height\":500},{\"@type\":\"BreadcrumbList\",\"@id\":\"https:\\\/\\\/giatsu.com\\\/es\\\/aerotermia\\\/acumuladores-aerotermicos\\\/acumulador-aerotermico-vav-r290\\\/#breadcrumb\",\"itemListElement\":[{\"@type\":\"ListItem\",\"position\":1,\"name\":\"Home\",\"item\":\"https:\\\/\\\/giatsu.com\\\/es\\\/\"},{\"@type\":\"ListItem\",\"position\":2,\"name\":\"PRODUCTOS\",\"item\":\"https:\\\/\\\/giatsu.com\\\/es\\\/productos\\\/\"},{\"@type\":\"ListItem\",\"position\":3,\"name\":\"ACUMULADOR AEROT\u00c9RMICO VAV R290\"}]},{\"@type\":\"WebSite\",\"@id\":\"https:\\\/\\\/giatsu.com\\\/es\\\/#website\",\"url\":\"https:\\\/\\\/giatsu.com\\\/es\\\/\",\"name\":\"GIATSU\",\"description\":\"Quality Comfort Everywhere\",\"potentialAction\":[{\"@type\":\"SearchAction\",\"target\":{\"@type\":\"EntryPoint\",\"urlTemplate\":\"https:\\\/\\\/giatsu.com\\\/es\\\/?s={search_term_string}\"},\"query-input\":{\"@type\":\"PropertyValueSpecification\",\"valueRequired\":true,\"valueName\":\"search_term_string\"}}],\"inLanguage\":\"es\"}]}<\/script>\n<!-- \/ Yoast SEO plugin. -->","yoast_head_json":{"title":"Acumulador Aerot\u00e9rmico Vitrificado VAV R290","description":"VAV R290 es compatible con energ\u00eda solar fotovoltaica y puede gestionarse f\u00e1cilmente desde una aplicaci\u00f3n m\u00f3vil. As\u00ed, podr\u00e1s controlar tu equipo desde cualquier lugar, garantizando comodidad y eficiencia.","robots":{"index":"index","follow":"follow","max-snippet":"max-snippet:-1","max-image-preview":"max-image-preview:large","max-video-preview":"max-video-preview:-1"},"canonical":"https:\/\/giatsu.com\/es\/aerotermia\/acumuladores-aerotermicos\/acumulador-aerotermico-vav-r290\/","og_locale":"es_ES","og_type":"article","og_title":"Acumulador Aerot\u00e9rmico Vitrificado VAV R290","og_description":"VAV R290 es compatible con energ\u00eda solar fotovoltaica y puede gestionarse f\u00e1cilmente desde una aplicaci\u00f3n m\u00f3vil. As\u00ed, podr\u00e1s controlar tu equipo desde cualquier lugar, garantizando comodidad y eficiencia.","og_url":"https:\/\/giatsu.com\/es\/aerotermia\/acumuladores-aerotermicos\/acumulador-aerotermico-vav-r290\/","og_site_name":"GIATSU","article_modified_time":"2025-07-15T15:59:45+00:00","og_image":[{"width":500,"height":500,"url":"https:\/\/giatsu.com\/wp-content\/uploads\/2024\/06\/vav-r290_200l-017fb9.webp","type":"image\/webp"}],"twitter_card":"summary_large_image","twitter_misc":{"Tiempo de lectura":"3 minutos"},"schema":{"@context":"https:\/\/schema.org","@graph":[{"@type":"WebPage","@id":"https:\/\/giatsu.com\/es\/aerotermia\/acumuladores-aerotermicos\/acumulador-aerotermico-vav-r290\/","url":"https:\/\/giatsu.com\/es\/aerotermia\/acumuladores-aerotermicos\/acumulador-aerotermico-vav-r290\/","name":"Acumulador Aerot\u00e9rmico Vitrificado VAV R290","isPartOf":{"@id":"https:\/\/giatsu.com\/es\/#website"},"primaryImageOfPage":{"@id":"https:\/\/giatsu.com\/es\/aerotermia\/acumuladores-aerotermicos\/acumulador-aerotermico-vav-r290\/#primaryimage"},"image":{"@id":"https:\/\/giatsu.com\/es\/aerotermia\/acumuladores-aerotermicos\/acumulador-aerotermico-vav-r290\/#primaryimage"},"thumbnailUrl":"https:\/\/giatsu.com\/wp-content\/uploads\/2024\/06\/vav-r290_200l-017fb9.webp","datePublished":"2024-02-23T11:50:15+00:00","dateModified":"2025-07-15T15:59:45+00:00","description":"VAV R290 es compatible con energ\u00eda solar fotovoltaica y puede gestionarse f\u00e1cilmente desde una aplicaci\u00f3n m\u00f3vil. As\u00ed, podr\u00e1s controlar tu equipo desde cualquier lugar, garantizando comodidad y eficiencia.","breadcrumb":{"@id":"https:\/\/giatsu.com\/es\/aerotermia\/acumuladores-aerotermicos\/acumulador-aerotermico-vav-r290\/#breadcrumb"},"inLanguage":"es","potentialAction":[{"@type":"ReadAction","target":["https:\/\/giatsu.com\/es\/aerotermia\/acumuladores-aerotermicos\/acumulador-aerotermico-vav-r290\/"]}]},{"@type":"ImageObject","inLanguage":"es","@id":"https:\/\/giatsu.com\/es\/aerotermia\/acumuladores-aerotermicos\/acumulador-aerotermico-vav-r290\/#primaryimage","url":"https:\/\/giatsu.com\/wp-content\/uploads\/2024\/06\/vav-r290_200l-017fb9.webp","contentUrl":"https:\/\/giatsu.com\/wp-content\/uploads\/2024\/06\/vav-r290_200l-017fb9.webp","width":500,"height":500},{"@type":"BreadcrumbList","@id":"https:\/\/giatsu.com\/es\/aerotermia\/acumuladores-aerotermicos\/acumulador-aerotermico-vav-r290\/#breadcrumb","itemListElement":[{"@type":"ListItem","position":1,"name":"Home","item":"https:\/\/giatsu.com\/es\/"},{"@type":"ListItem","position":2,"name":"PRODUCTOS","item":"https:\/\/giatsu.com\/es\/productos\/"},{"@type":"ListItem","position":3,"name":"ACUMULADOR AEROT\u00c9RMICO VAV R290"}]},{"@type":"WebSite","@id":"https:\/\/giatsu.com\/es\/#website","url":"https:\/\/giatsu.com\/es\/","name":"GIATSU","description":"Quality Comfort Everywhere","potentialAction":[{"@type":"SearchAction","target":{"@type":"EntryPoint","urlTemplate":"https:\/\/giatsu.com\/es\/?s={search_term_string}"},"query-input":{"@type":"PropertyValueSpecification","valueRequired":true,"valueName":"search_term_string"}}],"inLanguage":"es"}]}},"_links":{"self":[{"href":"https:\/\/giatsu.com\/es\/wp-json\/wp\/v2\/product\/11878","targetHints":{"allow":["GET"]}}],"collection":[{"href":"https:\/\/giatsu.com\/es\/wp-json\/wp\/v2\/product"}],"about":[{"href":"https:\/\/giatsu.com\/es\/wp-json\/wp\/v2\/types\/product"}],"wp:featuredmedia":[{"embeddable":true,"href":"https:\/\/giatsu.com\/es\/wp-json\/wp\/v2\/media\/12301"}],"wp:attachment":[{"href":"https:\/\/giatsu.com\/es\/wp-json\/wp\/v2\/media?parent=11878"}],"wp:term":[{"taxonomy":"product_brand","embeddable":true,"href":"https:\/\/giatsu.com\/es\/wp-json\/wp\/v2\/product_brand?post=11878"},{"taxonomy":"product_cat","embeddable":true,"href":"https:\/\/giatsu.com\/es\/wp-json\/wp\/v2\/product_cat?post=11878"},{"taxonomy":"product_tag","embeddable":true,"href":"https:\/\/giatsu.com\/es\/wp-json\/wp\/v2\/product_tag?post=11878"}],"curies":[{"name":"wp","href":"https:\/\/api.w.org\/{rel}","templated":true}]}}