{"id":11877,"date":"2024-02-23T11:50:14","date_gmt":"2024-02-23T11:50:14","guid":{"rendered":"https:\/\/giatsu.com\/?post_type=product&#038;p=11877"},"modified":"2025-07-16T06:04:16","modified_gmt":"2025-07-16T06:04:16","slug":"acumulador-aerotermico-vaw-2","status":"publish","type":"product","link":"https:\/\/giatsu.com\/es\/aerotermia\/acumuladores-aerotermicos\/acumulador-aerotermico-vaw-2\/","title":{"rendered":"ACUMULADOR AEROTERMICO VAW 2 Y VAW+S 2"},"content":{"rendered":"<div class=\"wpb-content-wrapper\"><p>&nbsp;<\/p>\n<div class=\"container mb-1 moduloprincipalespictos\">\n<h2 class=\"text-center tituloprincipales\">Caracter\u00edsticas principales<\/h2>\n<div class=\"row row-cols-1 row-cols-md-2 row-cols-xl-3\">\n<div class=\"col-xs-6 col-md-3 order-last\">\n<div class=\"card\">\n<p><img decoding=\"async\" class=\"card-img-top w-100 d-block fit-cover pictoprincipalgrande\" src=\"https:\/\/giatsu.com\/wp-content\/uploads\/2023\/08\/wifi-incluido-cb8169.webp\" \/><\/p>\n<div class=\"card-body p-4\">\n<h3 class=\"font-weight-bold card-title\">Wifi incluido<\/h3>\n<p class=\"card-text\">A trav\u00e9s de la aplicaci\u00f3n GIApp se puede controlar el equipo desde un smartphone, tablet o por voz con Alexa y Google Home.<\/p>\n<\/div>\n<\/div>\n<\/div>\n<div class=\"col-xs-6 col-md-3 order-last\">\n<div class=\"card\">\n<p><img decoding=\"async\" class=\"card-img-top w-100 d-block fit-cover pictoprincipalgrande\" src=\"https:\/\/giatsu.com\/wp-content\/uploads\/2023\/08\/antilegionela-51edba.webp\" \/><\/p>\n<div class=\"card-body p-4\">\n<h3 class=\"font-weight-bold card-title\">Anti-legionela<\/h3>\n<p class=\"card-text\">Protecci\u00f3n contra la bacteria desarrollada en equipos de agua y torres de refrigeraci\u00f3n.<\/p>\n<\/div>\n<\/div>\n<\/div>\n<div class=\"col-xs-6 col-md-3 order-last\">\n<div class=\"card\">\n<p><img decoding=\"async\" class=\"card-img-top w-100 d-block fit-cover pictoprincipalgrande\" src=\"https:\/\/giatsu.com\/wp-content\/uploads\/2023\/08\/compatible-con-energia-solar-8962e7.webp\" \/><\/p>\n<div class=\"card-body p-4\">\n<h3 class=\"font-weight-bold card-title\">Compatible con energ\u00eda solar<\/h3>\n<p class=\"card-text\">El equipo est\u00e1 preparado para funcionar junto a equipos termosolares, aumentando la eficiencia de la instalaci\u00f3n.<\/p>\n<\/div>\n<\/div>\n<\/div>\n<div class=\"col-xs-6 col-md-3 order-last\">\n<div class=\"card\">\n<p><img decoding=\"async\" class=\"card-img-top w-100 d-block fit-cover pictoprincipalgrande\" src=\"https:\/\/giatsu.com\/wp-content\/uploads\/2023\/08\/maxima-temperatura-de-salida-de-agua-cf2d09.webp\" \/><\/p>\n<div class=\"card-body p-4\">\n<h3 class=\"font-weight-bold card-title\">M\u00e1xima temperatura de salida de agua<\/h3>\n<p class=\"card-text\">Es la temperatura caliente m\u00e1xima a la que puede salir el agua teniendo por defecto un grado de salida especificado.<\/p>\n<\/div>\n<\/div>\n<\/div>\n<div class=\"col-xs-6 col-md-3 order-last\">\n<div class=\"card\">\n<p><img decoding=\"async\" class=\"card-img-top w-100 d-block fit-cover pictoprincipalgrande\" src=\"https:\/\/giatsu.com\/wp-content\/uploads\/2024\/06\/substituye-calentador-y-termo-dd4000.webp\" \/><\/p>\n<div class=\"card-body p-4\">\n<h3 class=\"font-weight-bold card-title\">Substituye calentador y termo<\/h3>\n<p class=\"card-text\">Estos equipos son una alternativa m\u00e1s eficiente y rentable que los tradicionales calentadores o termos.<\/p>\n<\/div>\n<\/div>\n<\/div>\n<div class=\"col-xs-6 col-md-3 order-last\">\n<div class=\"card\">\n<p><img decoding=\"async\" class=\"card-img-top w-100 d-block fit-cover pictoprincipalgrande\" src=\"https:\/\/giatsu.com\/wp-content\/uploads\/2024\/06\/tanque-interior-de-acero-inoxidable-cd2c2b.webp\" \/><\/p>\n<div class=\"card-body p-4\">\n<h3 class=\"font-weight-bold card-title\">Tanque interior de acero inoxidable<\/h3>\n<p class=\"card-text\">Tanque de acero inoxidable.<\/p>\n<\/div>\n<\/div>\n<\/div>\n<\/div>\n<\/div>\n<hr \/>\n<p>[vc_row mobile_bg_img_hidden=\u00bbno\u00bb tablet_bg_img_hidden=\u00bbno\u00bb woodmart_parallax=\u00bb0&#8243; woodmart_gradient_switch=\u00bbno\u00bb row_reverse_mobile=\u00bb0&#8243; row_reverse_tablet=\u00bb0&#8243; woodmart_disable_overflow=\u00bb0&#8243; el_class=\u00bbfilaImgCaracteristica\u00bb][vc_column mobile_bg_img_hidden=\u00bbno\u00bb tablet_bg_img_hidden=\u00bbno\u00bb woodmart_parallax=\u00bb0&#8243; woodmart_sticky_column=\u00bbfalse\u00bb parallax_scroll=\u00bbno\u00bb mobile_reset_margin=\u00bbno\u00bb tablet_reset_margin=\u00bbno\u00bb]<\/p>\n<div class=\"container mb-1\">\n<h3 class=\"text-center\">Informaci\u00f3n t\u00e9cnica<\/h3>\n<div class=\"row row-cols-1 row-cols-md-2 row-cols-xl-3 justify-content-md-center\">\n<div class=\"col-xs-1 col-md-1\">\n<div class=\"card\">\n<p><img decoding=\"async\" class=\"card-img-top w-100 d-block fit-cover pictoprincipalgrande\" src=\"https:\/\/giatsu.com\/wp-content\/uploads\/2023\/08\/funcion_desescarche-4b7880.webp\" \/><\/p>\n<div class=\"card-body p-4\">\n<h4 class=\"card-text textospictospeques\">Funci\u00f3n desescarche<\/h4>\n<\/div>\n<\/div>\n<\/div>\n<div class=\"col-xs-1 col-md-1\">\n<div class=\"card\">\n<p><img decoding=\"async\" class=\"card-img-top w-100 d-block fit-cover pictoprincipalgrande\" src=\"https:\/\/giatsu.com\/wp-content\/uploads\/2024\/06\/facil_instalacion_mantenimiento-49c01b.webp\" \/><\/p>\n<div class=\"card-body p-4\">\n<h4 class=\"card-text textospictospeques\">F\u00e1cil instalaci\u00f3n mantenimiento<\/h4>\n<\/div>\n<\/div>\n<\/div>\n<\/div>\n<\/div>\n<div class=\"row justify-content-md-center\">\n<div id=\"botonDescargarFicha\" class=\"vc_btn3-container vc_btn3-inline\"><a class=\"btn btn-light border rounded-4 botondescarga\" title=\"\" href=\"https:\/\/giatsu.com\/documentacion\/\/giatsu-fichas-tecnicas-acumuladores-aerotermicos-vaw-2-espanol.pdf\" target=\"_blank\" rel=\"noopener\">Descargar ficha t\u00e9cnica<\/a><\/div>\n<\/div>\n<div class=\"row\">\n<hr \/>\n<div class=\"col text-center\"><a class=\"btn btn-light border rounded-4 botonDescargaManual botondescarga\" href=\"https:\/\/giatsu.com\/documentacion\/\/giatsu-manual-de-usuario-e-instalacion-acumuladores-aerotermicos-vaw-2-multiidioma.pdf\" target=\"_blank\" rel=\"noopener\">Manual de usuario<\/a><\/div>\n<div class=\"col text-center\"><a class=\"btn btn-light border rounded-4 botonDescargaManual botondescarga\" href=\"https:\/\/giatsu.com\/documentacion\/\/giatsu-manual-de-usuario-e-instalacion-acumuladores-aerotermicos-vaw-2-multiidioma.pdf\" target=\"_blank\" rel=\"noopener\">Manual de instalaci\u00f3n<\/a><\/div>\n<hr \/>\n<\/div>\n<\/div>","protected":false},"excerpt":{"rendered":"<p>Descubre el <strong>Acumulador Aerot\u00e9rmico en acero Inoxidable, VAW 2<\/strong>: Durabilidad y Eficiencia sin Compromisos<\/p>\n<p>Vaw 2 est\u00e1 hecho para perdurar. Disponible en versiones de 100 y 120 litros en posici\u00f3n mural y 200 litros en posici\u00f3n suelo (con y sin serpent\u00edn para compatibilidad con energ\u00eda solar t\u00e9rmica).<\/p>\n<p>Fabricado con materiales de m\u00e1xima calidad, este equipo es extremadamente resistente y duradero. Equipado de serie con un \u00e1nodo electr\u00f3nico, VAW 2 se mantiene en perfecto estado por m\u00e1s tiempo, asegurando un rendimiento constante y sin deterioros.<\/p>\n<p>Cada elemento de nuestro acumulador est\u00e1 dise\u00f1ado para ofrecer la m\u00e1xima eficiencia energ\u00e9tica, proporcionando datos de rendimiento excepcionales.<\/p>\n<p>Ahorra energ\u00eda y reduce tus costos sin sacrificar comodidad ni funcionalidad.<\/p>\n<p><strong>Caracter\u00edsticas principales:<\/strong><\/p>\n<ul>\n<li>Clase energ\u00e9tica A++. (seg\u00fan modelo y condiciones de prueba).<\/li>\n<li>COP superiores a 3.8<\/li>\n<li>Gas refrigerante ecol\u00f3gico R290<\/li>\n<li>Wifi incluido.<\/li>\n<li>Compresor Rotary Inverter.<\/li>\n<li>Tanque de acero Inoxidable<\/li>\n<li>Incluye \u00e1nodo electr\u00f3nico de bajo mantenimiento.<\/li>\n<\/ul>\n<p>Capacidades disponibles VAW 2: 100L, 120L, 200L<\/p>\n<p>Capacidades disponibles VAW+S 2: 200L, 300L<\/p>\n<p><strong>10 a\u00f1os de garant\u00eda en el compresor.<\/strong><\/p>\n<div class=\"divPictosEnergia\">[vc_single_image image=&#8217;12364&#8242; alignment=&#8217;center&#8217; woodmart_inline=&#8217;no&#8217; parallax_scroll=&#8217;no&#8217; el_class=&#8217;imgEnergia&#8217; img_size=&#8217;72&#215;36&#8242;]<\/div>\n","protected":false},"featured_media":12351,"template":"","meta":{"_monsterinsights_skip_tracking":false,"_monsterinsights_sitenote_active":false,"_monsterinsights_sitenote_note":"","_monsterinsights_sitenote_category":0},"product_brand":[],"product_cat":[577,560],"product_tag":[689,688,687,690,692,693,691,694],"class_list":{"0":"post-11877","1":"product","2":"type-product","3":"status-publish","4":"has-post-thumbnail","6":"product_cat-acumuladores-aerotermicos","7":"product_cat-aerotermia","8":"product_tag-acs","9":"product_tag-acumuladores-aerotermicos","10":"product_tag-aerotermia","11":"product_tag-agua-caliente-sanitaria","12":"product_tag-ahorro-de-energia","13":"product_tag-eficiencia","14":"product_tag-energia-renovable","15":"product_tag-r290","17":"first","18":"instock","19":"shipping-taxable","20":"product-type-simple"},"yoast_head":"<!-- This site is optimized with the Yoast SEO plugin v27.4 - https:\/\/yoast.com\/product\/yoast-seo-wordpress\/ -->\n<title>Acumulador Aerot\u00e9rmico en acero Inoxidable VAW 2<\/title>\n<meta name=\"description\" content=\"Fabricado con materiales de m\u00e1xima calidad, este equipo es extremadamente resistente y duradero. Equipado de serie con un \u00e1nodo electr\u00f3nico, VAW 2 se mantiene en perfecto estado por m\u00e1s tiempo, asegurando un rendimiento constante y sin deterioros.\" \/>\n<meta name=\"robots\" content=\"index, follow, max-snippet:-1, max-image-preview:large, max-video-preview:-1\" \/>\n<link rel=\"canonical\" href=\"https:\/\/giatsu.com\/es\/aerotermia\/acumuladores-aerotermicos\/acumulador-aerotermico-vaw-2\/\" \/>\n<meta property=\"og:locale\" content=\"es_ES\" \/>\n<meta property=\"og:type\" content=\"article\" \/>\n<meta property=\"og:title\" content=\"Acumulador Aerot\u00e9rmico en acero Inoxidable VAW 2\" \/>\n<meta property=\"og:description\" content=\"Fabricado con materiales de m\u00e1xima calidad, este equipo es extremadamente resistente y duradero. Equipado de serie con un \u00e1nodo electr\u00f3nico, VAW 2 se mantiene en perfecto estado por m\u00e1s tiempo, asegurando un rendimiento constante y sin deterioros.\" \/>\n<meta property=\"og:url\" content=\"https:\/\/giatsu.com\/es\/aerotermia\/acumuladores-aerotermicos\/acumulador-aerotermico-vaw-2\/\" \/>\n<meta property=\"og:site_name\" content=\"GIATSU\" \/>\n<meta property=\"article:modified_time\" content=\"2025-07-16T06:04:16+00:00\" \/>\n<meta property=\"og:image\" content=\"https:\/\/giatsu.com\/wp-content\/uploads\/2024\/06\/vaw-2_200_300l-b64f98.webp\" \/>\n\t<meta property=\"og:image:width\" content=\"500\" \/>\n\t<meta property=\"og:image:height\" content=\"500\" \/>\n\t<meta property=\"og:image:type\" content=\"image\/webp\" \/>\n<meta name=\"twitter:card\" content=\"summary_large_image\" \/>\n<meta name=\"twitter:label1\" content=\"Tiempo de lectura\" \/>\n\t<meta name=\"twitter:data1\" content=\"3 minutos\" \/>\n<script type=\"application\/ld+json\" class=\"yoast-schema-graph\">{\"@context\":\"https:\\\/\\\/schema.org\",\"@graph\":[{\"@type\":\"WebPage\",\"@id\":\"https:\\\/\\\/giatsu.com\\\/es\\\/aerotermia\\\/acumuladores-aerotermicos\\\/acumulador-aerotermico-vaw-2\\\/\",\"url\":\"https:\\\/\\\/giatsu.com\\\/es\\\/aerotermia\\\/acumuladores-aerotermicos\\\/acumulador-aerotermico-vaw-2\\\/\",\"name\":\"Acumulador Aerot\u00e9rmico en acero Inoxidable VAW 2\",\"isPartOf\":{\"@id\":\"https:\\\/\\\/giatsu.com\\\/es\\\/#website\"},\"primaryImageOfPage\":{\"@id\":\"https:\\\/\\\/giatsu.com\\\/es\\\/aerotermia\\\/acumuladores-aerotermicos\\\/acumulador-aerotermico-vaw-2\\\/#primaryimage\"},\"image\":{\"@id\":\"https:\\\/\\\/giatsu.com\\\/es\\\/aerotermia\\\/acumuladores-aerotermicos\\\/acumulador-aerotermico-vaw-2\\\/#primaryimage\"},\"thumbnailUrl\":\"https:\\\/\\\/giatsu.com\\\/wp-content\\\/uploads\\\/2024\\\/06\\\/vaw-2_200_300l-b64f98.webp\",\"datePublished\":\"2024-02-23T11:50:14+00:00\",\"dateModified\":\"2025-07-16T06:04:16+00:00\",\"description\":\"Fabricado con materiales de m\u00e1xima calidad, este equipo es extremadamente resistente y duradero. Equipado de serie con un \u00e1nodo electr\u00f3nico, VAW 2 se mantiene en perfecto estado por m\u00e1s tiempo, asegurando un rendimiento constante y sin deterioros.\",\"breadcrumb\":{\"@id\":\"https:\\\/\\\/giatsu.com\\\/es\\\/aerotermia\\\/acumuladores-aerotermicos\\\/acumulador-aerotermico-vaw-2\\\/#breadcrumb\"},\"inLanguage\":\"es\",\"potentialAction\":[{\"@type\":\"ReadAction\",\"target\":[\"https:\\\/\\\/giatsu.com\\\/es\\\/aerotermia\\\/acumuladores-aerotermicos\\\/acumulador-aerotermico-vaw-2\\\/\"]}]},{\"@type\":\"ImageObject\",\"inLanguage\":\"es\",\"@id\":\"https:\\\/\\\/giatsu.com\\\/es\\\/aerotermia\\\/acumuladores-aerotermicos\\\/acumulador-aerotermico-vaw-2\\\/#primaryimage\",\"url\":\"https:\\\/\\\/giatsu.com\\\/wp-content\\\/uploads\\\/2024\\\/06\\\/vaw-2_200_300l-b64f98.webp\",\"contentUrl\":\"https:\\\/\\\/giatsu.com\\\/wp-content\\\/uploads\\\/2024\\\/06\\\/vaw-2_200_300l-b64f98.webp\",\"width\":500,\"height\":500},{\"@type\":\"BreadcrumbList\",\"@id\":\"https:\\\/\\\/giatsu.com\\\/es\\\/aerotermia\\\/acumuladores-aerotermicos\\\/acumulador-aerotermico-vaw-2\\\/#breadcrumb\",\"itemListElement\":[{\"@type\":\"ListItem\",\"position\":1,\"name\":\"Home\",\"item\":\"https:\\\/\\\/giatsu.com\\\/es\\\/\"},{\"@type\":\"ListItem\",\"position\":2,\"name\":\"PRODUCTOS\",\"item\":\"https:\\\/\\\/giatsu.com\\\/es\\\/productos\\\/\"},{\"@type\":\"ListItem\",\"position\":3,\"name\":\"ACUMULADOR AEROTERMICO VAW 2 Y VAW+S 2\"}]},{\"@type\":\"WebSite\",\"@id\":\"https:\\\/\\\/giatsu.com\\\/es\\\/#website\",\"url\":\"https:\\\/\\\/giatsu.com\\\/es\\\/\",\"name\":\"GIATSU\",\"description\":\"Quality Comfort Everywhere\",\"potentialAction\":[{\"@type\":\"SearchAction\",\"target\":{\"@type\":\"EntryPoint\",\"urlTemplate\":\"https:\\\/\\\/giatsu.com\\\/es\\\/?s={search_term_string}\"},\"query-input\":{\"@type\":\"PropertyValueSpecification\",\"valueRequired\":true,\"valueName\":\"search_term_string\"}}],\"inLanguage\":\"es\"}]}<\/script>\n<!-- \/ Yoast SEO plugin. -->","yoast_head_json":{"title":"Acumulador Aerot\u00e9rmico en acero Inoxidable VAW 2","description":"Fabricado con materiales de m\u00e1xima calidad, este equipo es extremadamente resistente y duradero. Equipado de serie con un \u00e1nodo electr\u00f3nico, VAW 2 se mantiene en perfecto estado por m\u00e1s tiempo, asegurando un rendimiento constante y sin deterioros.","robots":{"index":"index","follow":"follow","max-snippet":"max-snippet:-1","max-image-preview":"max-image-preview:large","max-video-preview":"max-video-preview:-1"},"canonical":"https:\/\/giatsu.com\/es\/aerotermia\/acumuladores-aerotermicos\/acumulador-aerotermico-vaw-2\/","og_locale":"es_ES","og_type":"article","og_title":"Acumulador Aerot\u00e9rmico en acero Inoxidable VAW 2","og_description":"Fabricado con materiales de m\u00e1xima calidad, este equipo es extremadamente resistente y duradero. Equipado de serie con un \u00e1nodo electr\u00f3nico, VAW 2 se mantiene en perfecto estado por m\u00e1s tiempo, asegurando un rendimiento constante y sin deterioros.","og_url":"https:\/\/giatsu.com\/es\/aerotermia\/acumuladores-aerotermicos\/acumulador-aerotermico-vaw-2\/","og_site_name":"GIATSU","article_modified_time":"2025-07-16T06:04:16+00:00","og_image":[{"width":500,"height":500,"url":"https:\/\/giatsu.com\/wp-content\/uploads\/2024\/06\/vaw-2_200_300l-b64f98.webp","type":"image\/webp"}],"twitter_card":"summary_large_image","twitter_misc":{"Tiempo de lectura":"3 minutos"},"schema":{"@context":"https:\/\/schema.org","@graph":[{"@type":"WebPage","@id":"https:\/\/giatsu.com\/es\/aerotermia\/acumuladores-aerotermicos\/acumulador-aerotermico-vaw-2\/","url":"https:\/\/giatsu.com\/es\/aerotermia\/acumuladores-aerotermicos\/acumulador-aerotermico-vaw-2\/","name":"Acumulador Aerot\u00e9rmico en acero Inoxidable VAW 2","isPartOf":{"@id":"https:\/\/giatsu.com\/es\/#website"},"primaryImageOfPage":{"@id":"https:\/\/giatsu.com\/es\/aerotermia\/acumuladores-aerotermicos\/acumulador-aerotermico-vaw-2\/#primaryimage"},"image":{"@id":"https:\/\/giatsu.com\/es\/aerotermia\/acumuladores-aerotermicos\/acumulador-aerotermico-vaw-2\/#primaryimage"},"thumbnailUrl":"https:\/\/giatsu.com\/wp-content\/uploads\/2024\/06\/vaw-2_200_300l-b64f98.webp","datePublished":"2024-02-23T11:50:14+00:00","dateModified":"2025-07-16T06:04:16+00:00","description":"Fabricado con materiales de m\u00e1xima calidad, este equipo es extremadamente resistente y duradero. Equipado de serie con un \u00e1nodo electr\u00f3nico, VAW 2 se mantiene en perfecto estado por m\u00e1s tiempo, asegurando un rendimiento constante y sin deterioros.","breadcrumb":{"@id":"https:\/\/giatsu.com\/es\/aerotermia\/acumuladores-aerotermicos\/acumulador-aerotermico-vaw-2\/#breadcrumb"},"inLanguage":"es","potentialAction":[{"@type":"ReadAction","target":["https:\/\/giatsu.com\/es\/aerotermia\/acumuladores-aerotermicos\/acumulador-aerotermico-vaw-2\/"]}]},{"@type":"ImageObject","inLanguage":"es","@id":"https:\/\/giatsu.com\/es\/aerotermia\/acumuladores-aerotermicos\/acumulador-aerotermico-vaw-2\/#primaryimage","url":"https:\/\/giatsu.com\/wp-content\/uploads\/2024\/06\/vaw-2_200_300l-b64f98.webp","contentUrl":"https:\/\/giatsu.com\/wp-content\/uploads\/2024\/06\/vaw-2_200_300l-b64f98.webp","width":500,"height":500},{"@type":"BreadcrumbList","@id":"https:\/\/giatsu.com\/es\/aerotermia\/acumuladores-aerotermicos\/acumulador-aerotermico-vaw-2\/#breadcrumb","itemListElement":[{"@type":"ListItem","position":1,"name":"Home","item":"https:\/\/giatsu.com\/es\/"},{"@type":"ListItem","position":2,"name":"PRODUCTOS","item":"https:\/\/giatsu.com\/es\/productos\/"},{"@type":"ListItem","position":3,"name":"ACUMULADOR AEROTERMICO VAW 2 Y VAW+S 2"}]},{"@type":"WebSite","@id":"https:\/\/giatsu.com\/es\/#website","url":"https:\/\/giatsu.com\/es\/","name":"GIATSU","description":"Quality Comfort Everywhere","potentialAction":[{"@type":"SearchAction","target":{"@type":"EntryPoint","urlTemplate":"https:\/\/giatsu.com\/es\/?s={search_term_string}"},"query-input":{"@type":"PropertyValueSpecification","valueRequired":true,"valueName":"search_term_string"}}],"inLanguage":"es"}]}},"_links":{"self":[{"href":"https:\/\/giatsu.com\/es\/wp-json\/wp\/v2\/product\/11877","targetHints":{"allow":["GET"]}}],"collection":[{"href":"https:\/\/giatsu.com\/es\/wp-json\/wp\/v2\/product"}],"about":[{"href":"https:\/\/giatsu.com\/es\/wp-json\/wp\/v2\/types\/product"}],"wp:featuredmedia":[{"embeddable":true,"href":"https:\/\/giatsu.com\/es\/wp-json\/wp\/v2\/media\/12351"}],"wp:attachment":[{"href":"https:\/\/giatsu.com\/es\/wp-json\/wp\/v2\/media?parent=11877"}],"wp:term":[{"taxonomy":"product_brand","embeddable":true,"href":"https:\/\/giatsu.com\/es\/wp-json\/wp\/v2\/product_brand?post=11877"},{"taxonomy":"product_cat","embeddable":true,"href":"https:\/\/giatsu.com\/es\/wp-json\/wp\/v2\/product_cat?post=11877"},{"taxonomy":"product_tag","embeddable":true,"href":"https:\/\/giatsu.com\/es\/wp-json\/wp\/v2\/product_tag?post=11877"}],"curies":[{"name":"wp","href":"https:\/\/api.w.org\/{rel}","templated":true}]}}