{"id":11874,"date":"2024-02-23T11:50:10","date_gmt":"2024-02-23T11:50:10","guid":{"rendered":"https:\/\/giatsu.com\/?post_type=product&#038;p=11874"},"modified":"2025-05-29T10:52:29","modified_gmt":"2025-05-29T10:52:29","slug":"ikala","status":"publish","type":"product","link":"https:\/\/giatsu.com\/es\/splits\/split-sin-unidad-exterior\/ikala\/","title":{"rendered":"IKALA"},"content":{"rendered":"<div class=\"wpb-content-wrapper\"><div class=\"container mb-1 moduloprincipalespictos\">\n<h2 class=\"text-center tituloprincipales\">Caracter\u00edsticas principales<\/h2>\n<div class=\"row row-cols-1 row-cols-md-2 row-cols-xl-3\">\n<div class=\"col-xs-6 col-md-3 order-last\">\n<div class=\"card\">\n                            <img decoding=\"async\" class=\"card-img-top w-100 d-block fit-cover pictoprincipalgrande\" src=\"https:\/\/giatsu.com\/wp-content\/uploads\/2024\/02\/silencioso-8f1994.webp\" \/><\/p>\n<div class=\"card-body p-4\">\n<h3 class=\"font-weight-bold card-title\">Silencioso<\/h3>\n<p class=\"card-text\">Caracterizado por su bajo nivel sonoro: el valor m\u00ednimo es de 21 dB, seg\u00fan modelo.<\/p>\n<\/p><\/div><\/div><\/div>\n<div class=\"col-xs-6 col-md-3 order-last\">\n<div class=\"card\">\n                            <img decoding=\"async\" class=\"card-img-top w-100 d-block fit-cover pictoprincipalgrande\" src=\"https:\/\/giatsu.com\/wp-content\/uploads\/2023\/06\/tecnologia_inverter-495dd8.webp\" \/><\/p>\n<div class=\"card-body p-4\">\n<h3 class=\"font-weight-bold card-title\">Tecnolog\u00eda inverter<\/h3>\n<p class=\"card-text\">Al trabajar el compresor de forma continua se consigue un ahorro de hasta el 50% de energ\u00eda con respecto a equipos convencionales.<\/p>\n<\/p><\/div><\/div><\/div>\n<div class=\"col-xs-6 col-md-3 order-last\">\n<div class=\"card\">\n                            <img decoding=\"async\" class=\"card-img-top w-100 d-block fit-cover pictoprincipalgrande\" src=\"https:\/\/giatsu.com\/wp-content\/uploads\/2023\/08\/temporizador-8a6fb8.webp\" \/><\/p>\n<div class=\"card-body p-4\">\n<h3 class=\"font-weight-bold card-title\">Temporizador<\/h3>\n<p class=\"card-text\">Permite programar la hora de funcionamiento y temperatura exacta  del agua, optimizando el consumo.<\/p>\n<\/p><\/div><\/div><\/div>\n<div class=\"col-xs-6 col-md-3 order-last\">\n<div class=\"card\">\n                            <img decoding=\"async\" class=\"card-img-top w-100 d-block fit-cover pictoprincipalgrande\" src=\"https:\/\/giatsu.com\/wp-content\/uploads\/2023\/08\/control-remoto-6dcd21.webp\" \/><\/p>\n<div class=\"card-body p-4\">\n<h3 class=\"font-weight-bold card-title\">Control remoto<\/h3>\n<p class=\"card-text\">Incorpora de serie un control remoto que permite el control de distintos par\u00e1metros de las unidades interiores.<\/p>\n<\/p><\/div><\/div><\/div>\n<div class=\"col-xs-6 col-md-3 order-last\">\n<div class=\"card\">\n                            <img decoding=\"async\" class=\"card-img-top w-100 d-block fit-cover pictoprincipalgrande\" src=\"https:\/\/giatsu.com\/wp-content\/uploads\/2024\/02\/display-lcd-2bd096.webp\" \/><\/p>\n<div class=\"card-body p-4\">\n<h3 class=\"font-weight-bold card-title\">Display LCD<\/h3>\n<p class=\"card-text\">Muestra temperatura, modo de aire, estado de funciones, recordatorio limpieza\/cambio de filtros, etc.<\/p>\n<\/p><\/div><\/div><\/div>\n<div class=\"col-xs-6 col-md-3 order-last\">\n<div class=\"card\">\n                            <img decoding=\"async\" class=\"card-img-top w-100 d-block fit-cover pictoprincipalgrande\" src=\"https:\/\/giatsu.com\/wp-content\/uploads\/2024\/02\/4-en-1-7f883c.webp\" \/><\/p>\n<div class=\"card-body p-4\">\n<h3 class=\"font-weight-bold card-title\">Funci\u00f3n 4 en 1<\/h3>\n<p class=\"card-text\">La funci\u00f3n 4 en 1 incluye calor-fr\u00edo-ventilador-deshumidificador.<\/p>\n<\/p><\/div><\/div><\/div>\n<div class=\"col-xs-6 col-md-3 order-last\">\n<div class=\"card\">\n                            <img decoding=\"async\" class=\"card-img-top w-100 d-block fit-cover pictoprincipalgrande\" src=\"https:\/\/giatsu.com\/wp-content\/uploads\/2024\/02\/r-290-daa058.webp\" \/><\/p>\n<div class=\"card-body p-4\">\n<h3 class=\"font-weight-bold card-title\">Gas R-290<\/h3>\n<p class=\"card-text\">Gas m\u00e1s respetuoso con el medio ambiente<\/p>\n<\/p><\/div><\/div><\/div>\n<div class=\"col-xs-6 col-md-3 order-last\">\n<div class=\"card\">\n                            <img decoding=\"async\" class=\"card-img-top w-100 d-block fit-cover pictoprincipalgrande\" src=\"https:\/\/giatsu.com\/wp-content\/uploads\/2025\/05\/wifi-incluido-3b7119.webp\" \/><\/p>\n<div class=\"card-body p-4\">\n<h3 class=\"font-weight-bold card-title\">wifi incluido<\/h3>\n<p class=\"card-text\">Clasificaci\u00f3n de wifi incluido dentro del mapa de gama.<\/p>\n<\/p><\/div><\/div><\/div><\/div><\/div>\n<hr>\n<p>        [vc_row mobile_bg_img_hidden=\u00bbno\u00bb tablet_bg_img_hidden=\u00bbno\u00bb woodmart_parallax=\u00bb0&#8243; woodmart_gradient_switch=\u00bbno\u00bb row_reverse_mobile=\u00bb0&#8243; row_reverse_tablet=\u00bb0&#8243; woodmart_disable_overflow=\u00bb0&#8243; el_class=\u00bbfilaImgCaracteristica\u00bb][vc_column mobile_bg_img_hidden=\u00bbno\u00bb tablet_bg_img_hidden=\u00bbno\u00bb woodmart_parallax=\u00bb0&#8243; woodmart_sticky_column=\u00bbfalse\u00bb parallax_scroll=\u00bbno\u00bb mobile_reset_margin=\u00bbno\u00bb tablet_reset_margin=\u00bbno\u00bb]<\/p>\n<div class=\"container mb-1\">\n<h3 class=\"text-center\">Informaci\u00f3n t\u00e9cnica<\/h3>\n<div class=\"row row-cols-1 row-cols-md-2 row-cols-xl-3 justify-content-md-center\">\n<div class=\"col-xs-1 col-md-1\">\n<div class=\"card\">\n                            <img decoding=\"async\" class=\"card-img-top w-100 d-block fit-cover pictoprincipalgrande\" src=\"https:\/\/giatsu.com\/wp-content\/uploads\/2024\/02\/sin-unidad-exterior-618490.webp\" \/><\/p>\n<div class=\"card-body p-4\">\n<h4 class=\"card-text textospictospeques\">Sin unidad exterior <\/h4>\n<\/p><\/div><\/div><\/div>\n<div class=\"col-xs-1 col-md-1\">\n<div class=\"card\">\n                            <img decoding=\"async\" class=\"card-img-top w-100 d-block fit-cover pictoprincipalgrande\" src=\"https:\/\/giatsu.com\/wp-content\/uploads\/2024\/02\/cuerpo-metal-396bec.webp\" \/><\/p>\n<div class=\"card-body p-4\">\n<h4 class=\"card-text textospictospeques\">Cuerpo entero de metal<\/h4>\n<\/p><\/div><\/div><\/div>\n<div class=\"col-xs-1 col-md-1\">\n<div class=\"card\">\n                            <img decoding=\"async\" class=\"card-img-top w-100 d-block fit-cover pictoprincipalgrande\" src=\"https:\/\/giatsu.com\/wp-content\/uploads\/2024\/02\/r-290-af027a.webp\" \/><\/p>\n<div class=\"card-body p-4\">\n<h4 class=\"card-text textospictospeques\">Gas refrigerante<\/h4>\n<\/p><\/div><\/div><\/div>\n<div class=\"col-xs-1 col-md-1\">\n<div class=\"card\">\n                            <img decoding=\"async\" class=\"card-img-top w-100 d-block fit-cover pictoprincipalgrande\" src=\"https:\/\/giatsu.com\/wp-content\/uploads\/2023\/08\/swing_horizontal-0bfc74.webp\" \/><\/p>\n<div class=\"card-body p-4\">\n<h4 class=\"card-text textospictospeques\">Swing horizontal<\/h4>\n<\/p><\/div><\/div><\/div>\n<div class=\"col-xs-1 col-md-1\">\n<div class=\"card\">\n                            <img decoding=\"async\" class=\"card-img-top w-100 d-block fit-cover pictoprincipalgrande\" src=\"https:\/\/giatsu.com\/wp-content\/uploads\/2023\/08\/modo_frio_y_calor-63c3e9.webp\" \/><\/p>\n<div class=\"card-body p-4\">\n<h4 class=\"card-text textospictospeques\">Modo fr\u00edo y calor<\/h4>\n<\/p><\/div><\/div><\/div>\n<div class=\"col-xs-1 col-md-1\">\n<div class=\"card\">\n                            <img decoding=\"async\" class=\"card-img-top w-100 d-block fit-cover pictoprincipalgrande\" src=\"https:\/\/giatsu.com\/wp-content\/uploads\/2023\/08\/diseno_compacto-ed3850.webp\" \/><\/p>\n<div class=\"card-body p-4\">\n<h4 class=\"card-text textospictospeques\">Dise\u00f1o compacto<\/h4>\n<\/p><\/div><\/div><\/div><\/div><\/div>\n<div class=\"row justify-content-md-center\">\n<div class=\"vc_btn3-container vc_btn3-inline\" id=\"botonDescargarFicha\">\n                        <a target=\"_blank\" class=\"btn btn-light border rounded-4 botondescarga\" href=\"https:\/\/giatsu.com\/documentacion\/\/giatsu-fichas-tecnicas-monobloc-sin-unidad-exterior-mono-concept-multiidioma.pdf\" title=\"\">Descargar ficha t\u00e9cnica<\/a>\n                 <\/div><\/div>\n<div class=\"row\">\n<hr>\n<div class=\"col text-center\"><a target=\"_blank\" href=\"https:\/\/giatsu.com\/documentacion\/\/giatsu-manual-de-usuario-e-instalacion-monobloc-sin-unidad-exterior-mono-concept-multiidioma.pdf\" class=\"btn btn-light border rounded-4 botonDescargaManual botondescarga\">Manual de usuario<\/a><\/div>\n<div class=\"col text-center\"><a target=\"_blank\" href=\"https:\/\/giatsu.com\/documentacion\/\/giatsu-manual-de-usuario-e-instalacion-monobloc-sin-unidad-exterior-mono-concept-multiidioma.pdf\" class=\"btn btn-light border rounded-4 botonDescargaManual botondescarga\">Manual de instalaci\u00f3n<\/a><\/div>\n<hr>\n<\/div>\n<\/div>","protected":false},"excerpt":{"rendered":"<p>M&aacute;ximo confort en el m&iacute;nimo espacio.<\/p>\n<p>El aire acondicionado <strong>Monoblock IKALA<\/strong> es la soluci&oacute;n m&aacute;s efectiva para la climatizaci&oacute;n cuando no se disponen de espacios exteriores para emplazar unidades partidas o simplemente por una cuesti&oacute;n est&eacute;tica.<\/p>\n<ul>\n<li>Sin unidad exterior.<\/li>\n<li>Sistema 4 en 1, calor-fr&iacute;o-ventilaci&oacute;n-deshumidificaci&oacute;n en una misma m&aacute;quina.<\/li>\n<li>DC inverter, al trabajar el compresor de forma continua se consigue un ahorro de hasta el 50% de energ&iacute;a con respecto a equipos convencionales.<\/li>\n<li>Bajo nivel sonoro: se puede ajustar la velocidad el ventilador consiguiendo un sonido solo de 39 dB(A).<\/li>\n<li>Gas m&aacute;s respetuoso con el medio ambiente, R290.<\/li>\n<li>Dise&ntilde;o elegante y din&aacute;mico.<\/li>\n<li>Temporizador 24h: se puede configurar para que encienda o apague la unidad autom&aacute;ticamente dentro de un periodo de 24h.<\/li>\n<\/ul>\n<p>Potencia disponible: 3,5KW&nbsp;<\/p>\n<div class='divPictosEnergia'>[vc_single_image image=&#8217;13464&#8242; alignment=&#8217;center&#8217; woodmart_inline=&#8217;no&#8217; parallax_scroll=&#8217;no&#8217; el_class=&#8217;imgEnergia&#8217; img_size=&#8217;72&#215;36&#8242;][vc_single_image image=&#8217;13578&#8242; alignment=&#8217;center&#8217; woodmart_inline=&#8217;no&#8217; parallax_scroll=&#8217;no&#8217; el_class=&#8217;imgEnergia&#8217; img_size=&#8217;72&#215;36&#8242;]<\/div>\n<div class='pictosvoz'><\/div>\n","protected":false},"featured_media":11958,"template":"","meta":{"_monsterinsights_skip_tracking":false,"_monsterinsights_sitenote_active":false,"_monsterinsights_sitenote_note":"","_monsterinsights_sitenote_category":0},"product_brand":[],"product_cat":[671,558],"product_tag":[672],"class_list":{"0":"post-11874","1":"product","2":"type-product","3":"status-publish","4":"has-post-thumbnail","6":"product_cat-split-sin-unidad-exterior","7":"product_cat-splits","8":"product_tag-split","10":"first","11":"instock","12":"shipping-taxable","13":"product-type-simple"},"yoast_head":"<!-- This site is optimized with the Yoast SEO plugin v26.6 - https:\/\/yoast.com\/wordpress\/plugins\/seo\/ -->\n<title>Split sin unidad exterior IKALA de Giatsu<\/title>\n<meta name=\"description\" content=\"Aire acondicionado monoblock sin unidad exterior, con funciones de calefacci\u00f3n, refrigeraci\u00f3n, ventilaci\u00f3n y deshumidificaci\u00f3n. Utiliza gas R290 y tecnolog\u00eda DC Inverter para mayor eficiencia energ\u00e9tica. Dise\u00f1o compacto y control remoto.\" \/>\n<meta name=\"robots\" content=\"index, follow, max-snippet:-1, max-image-preview:large, max-video-preview:-1\" \/>\n<link rel=\"canonical\" href=\"https:\/\/giatsu.com\/es\/splits\/split-sin-unidad-exterior\/ikala\/\" \/>\n<meta property=\"og:locale\" content=\"es_ES\" \/>\n<meta property=\"og:type\" content=\"article\" \/>\n<meta property=\"og:title\" content=\"Split sin unidad exterior IKALA de Giatsu\" \/>\n<meta property=\"og:description\" content=\"Aire acondicionado monoblock sin unidad exterior, con funciones de calefacci\u00f3n, refrigeraci\u00f3n, ventilaci\u00f3n y deshumidificaci\u00f3n. Utiliza gas R290 y tecnolog\u00eda DC Inverter para mayor eficiencia energ\u00e9tica. Dise\u00f1o compacto y control remoto.\" \/>\n<meta property=\"og:url\" content=\"https:\/\/giatsu.com\/es\/splits\/split-sin-unidad-exterior\/ikala\/\" \/>\n<meta property=\"og:site_name\" content=\"GIATSU\" \/>\n<meta property=\"article:modified_time\" content=\"2025-05-29T10:52:29+00:00\" \/>\n<meta property=\"og:image\" content=\"https:\/\/giatsu.com\/wp-content\/uploads\/2024\/02\/monoblock-ikala-frontal-c83745.webp\" \/>\n\t<meta property=\"og:image:width\" content=\"1557\" \/>\n\t<meta property=\"og:image:height\" content=\"1557\" \/>\n\t<meta property=\"og:image:type\" content=\"image\/webp\" \/>\n<meta name=\"twitter:card\" content=\"summary_large_image\" \/>\n<meta name=\"twitter:label1\" content=\"Tiempo de lectura\" \/>\n\t<meta name=\"twitter:data1\" content=\"1 minuto\" \/>\n<script type=\"application\/ld+json\" class=\"yoast-schema-graph\">{\"@context\":\"https:\/\/schema.org\",\"@graph\":[{\"@type\":\"WebPage\",\"@id\":\"https:\/\/giatsu.com\/es\/splits\/split-sin-unidad-exterior\/ikala\/\",\"url\":\"https:\/\/giatsu.com\/es\/splits\/split-sin-unidad-exterior\/ikala\/\",\"name\":\"Split sin unidad exterior IKALA de Giatsu\",\"isPartOf\":{\"@id\":\"https:\/\/giatsu.com\/es\/#website\"},\"primaryImageOfPage\":{\"@id\":\"https:\/\/giatsu.com\/es\/splits\/split-sin-unidad-exterior\/ikala\/#primaryimage\"},\"image\":{\"@id\":\"https:\/\/giatsu.com\/es\/splits\/split-sin-unidad-exterior\/ikala\/#primaryimage\"},\"thumbnailUrl\":\"https:\/\/giatsu.com\/wp-content\/uploads\/2024\/02\/monoblock-ikala-frontal-c83745.webp\",\"datePublished\":\"2024-02-23T11:50:10+00:00\",\"dateModified\":\"2025-05-29T10:52:29+00:00\",\"description\":\"Aire acondicionado monoblock sin unidad exterior, con funciones de calefacci\u00f3n, refrigeraci\u00f3n, ventilaci\u00f3n y deshumidificaci\u00f3n. Utiliza gas R290 y tecnolog\u00eda DC Inverter para mayor eficiencia energ\u00e9tica. Dise\u00f1o compacto y control remoto.\",\"breadcrumb\":{\"@id\":\"https:\/\/giatsu.com\/es\/splits\/split-sin-unidad-exterior\/ikala\/#breadcrumb\"},\"inLanguage\":\"es\",\"potentialAction\":[{\"@type\":\"ReadAction\",\"target\":[\"https:\/\/giatsu.com\/es\/splits\/split-sin-unidad-exterior\/ikala\/\"]}]},{\"@type\":\"ImageObject\",\"inLanguage\":\"es\",\"@id\":\"https:\/\/giatsu.com\/es\/splits\/split-sin-unidad-exterior\/ikala\/#primaryimage\",\"url\":\"https:\/\/giatsu.com\/wp-content\/uploads\/2024\/02\/monoblock-ikala-frontal-c83745.webp\",\"contentUrl\":\"https:\/\/giatsu.com\/wp-content\/uploads\/2024\/02\/monoblock-ikala-frontal-c83745.webp\",\"width\":1557,\"height\":1557},{\"@type\":\"BreadcrumbList\",\"@id\":\"https:\/\/giatsu.com\/es\/splits\/split-sin-unidad-exterior\/ikala\/#breadcrumb\",\"itemListElement\":[{\"@type\":\"ListItem\",\"position\":1,\"name\":\"Home\",\"item\":\"https:\/\/giatsu.com\/es\/\"},{\"@type\":\"ListItem\",\"position\":2,\"name\":\"PRODUCTOS\",\"item\":\"https:\/\/giatsu.com\/es\/productos\/\"},{\"@type\":\"ListItem\",\"position\":3,\"name\":\"IKALA\"}]},{\"@type\":\"WebSite\",\"@id\":\"https:\/\/giatsu.com\/es\/#website\",\"url\":\"https:\/\/giatsu.com\/es\/\",\"name\":\"GIATSU\",\"description\":\"Quality Comfort Everywhere\",\"potentialAction\":[{\"@type\":\"SearchAction\",\"target\":{\"@type\":\"EntryPoint\",\"urlTemplate\":\"https:\/\/giatsu.com\/es\/?s={search_term_string}\"},\"query-input\":{\"@type\":\"PropertyValueSpecification\",\"valueRequired\":true,\"valueName\":\"search_term_string\"}}],\"inLanguage\":\"es\"}]}<\/script>\n<!-- \/ Yoast SEO plugin. -->","yoast_head_json":{"title":"Split sin unidad exterior IKALA de Giatsu","description":"Aire acondicionado monoblock sin unidad exterior, con funciones de calefacci\u00f3n, refrigeraci\u00f3n, ventilaci\u00f3n y deshumidificaci\u00f3n. Utiliza gas R290 y tecnolog\u00eda DC Inverter para mayor eficiencia energ\u00e9tica. Dise\u00f1o compacto y control remoto.","robots":{"index":"index","follow":"follow","max-snippet":"max-snippet:-1","max-image-preview":"max-image-preview:large","max-video-preview":"max-video-preview:-1"},"canonical":"https:\/\/giatsu.com\/es\/splits\/split-sin-unidad-exterior\/ikala\/","og_locale":"es_ES","og_type":"article","og_title":"Split sin unidad exterior IKALA de Giatsu","og_description":"Aire acondicionado monoblock sin unidad exterior, con funciones de calefacci\u00f3n, refrigeraci\u00f3n, ventilaci\u00f3n y deshumidificaci\u00f3n. Utiliza gas R290 y tecnolog\u00eda DC Inverter para mayor eficiencia energ\u00e9tica. Dise\u00f1o compacto y control remoto.","og_url":"https:\/\/giatsu.com\/es\/splits\/split-sin-unidad-exterior\/ikala\/","og_site_name":"GIATSU","article_modified_time":"2025-05-29T10:52:29+00:00","og_image":[{"width":1557,"height":1557,"url":"https:\/\/giatsu.com\/wp-content\/uploads\/2024\/02\/monoblock-ikala-frontal-c83745.webp","type":"image\/webp"}],"twitter_card":"summary_large_image","twitter_misc":{"Tiempo de lectura":"1 minuto"},"schema":{"@context":"https:\/\/schema.org","@graph":[{"@type":"WebPage","@id":"https:\/\/giatsu.com\/es\/splits\/split-sin-unidad-exterior\/ikala\/","url":"https:\/\/giatsu.com\/es\/splits\/split-sin-unidad-exterior\/ikala\/","name":"Split sin unidad exterior IKALA de Giatsu","isPartOf":{"@id":"https:\/\/giatsu.com\/es\/#website"},"primaryImageOfPage":{"@id":"https:\/\/giatsu.com\/es\/splits\/split-sin-unidad-exterior\/ikala\/#primaryimage"},"image":{"@id":"https:\/\/giatsu.com\/es\/splits\/split-sin-unidad-exterior\/ikala\/#primaryimage"},"thumbnailUrl":"https:\/\/giatsu.com\/wp-content\/uploads\/2024\/02\/monoblock-ikala-frontal-c83745.webp","datePublished":"2024-02-23T11:50:10+00:00","dateModified":"2025-05-29T10:52:29+00:00","description":"Aire acondicionado monoblock sin unidad exterior, con funciones de calefacci\u00f3n, refrigeraci\u00f3n, ventilaci\u00f3n y deshumidificaci\u00f3n. Utiliza gas R290 y tecnolog\u00eda DC Inverter para mayor eficiencia energ\u00e9tica. Dise\u00f1o compacto y control remoto.","breadcrumb":{"@id":"https:\/\/giatsu.com\/es\/splits\/split-sin-unidad-exterior\/ikala\/#breadcrumb"},"inLanguage":"es","potentialAction":[{"@type":"ReadAction","target":["https:\/\/giatsu.com\/es\/splits\/split-sin-unidad-exterior\/ikala\/"]}]},{"@type":"ImageObject","inLanguage":"es","@id":"https:\/\/giatsu.com\/es\/splits\/split-sin-unidad-exterior\/ikala\/#primaryimage","url":"https:\/\/giatsu.com\/wp-content\/uploads\/2024\/02\/monoblock-ikala-frontal-c83745.webp","contentUrl":"https:\/\/giatsu.com\/wp-content\/uploads\/2024\/02\/monoblock-ikala-frontal-c83745.webp","width":1557,"height":1557},{"@type":"BreadcrumbList","@id":"https:\/\/giatsu.com\/es\/splits\/split-sin-unidad-exterior\/ikala\/#breadcrumb","itemListElement":[{"@type":"ListItem","position":1,"name":"Home","item":"https:\/\/giatsu.com\/es\/"},{"@type":"ListItem","position":2,"name":"PRODUCTOS","item":"https:\/\/giatsu.com\/es\/productos\/"},{"@type":"ListItem","position":3,"name":"IKALA"}]},{"@type":"WebSite","@id":"https:\/\/giatsu.com\/es\/#website","url":"https:\/\/giatsu.com\/es\/","name":"GIATSU","description":"Quality Comfort Everywhere","potentialAction":[{"@type":"SearchAction","target":{"@type":"EntryPoint","urlTemplate":"https:\/\/giatsu.com\/es\/?s={search_term_string}"},"query-input":{"@type":"PropertyValueSpecification","valueRequired":true,"valueName":"search_term_string"}}],"inLanguage":"es"}]}},"_links":{"self":[{"href":"https:\/\/giatsu.com\/es\/wp-json\/wp\/v2\/product\/11874","targetHints":{"allow":["GET"]}}],"collection":[{"href":"https:\/\/giatsu.com\/es\/wp-json\/wp\/v2\/product"}],"about":[{"href":"https:\/\/giatsu.com\/es\/wp-json\/wp\/v2\/types\/product"}],"wp:featuredmedia":[{"embeddable":true,"href":"https:\/\/giatsu.com\/es\/wp-json\/wp\/v2\/media\/11958"}],"wp:attachment":[{"href":"https:\/\/giatsu.com\/es\/wp-json\/wp\/v2\/media?parent=11874"}],"wp:term":[{"taxonomy":"product_brand","embeddable":true,"href":"https:\/\/giatsu.com\/es\/wp-json\/wp\/v2\/product_brand?post=11874"},{"taxonomy":"product_cat","embeddable":true,"href":"https:\/\/giatsu.com\/es\/wp-json\/wp\/v2\/product_cat?post=11874"},{"taxonomy":"product_tag","embeddable":true,"href":"https:\/\/giatsu.com\/es\/wp-json\/wp\/v2\/product_tag?post=11874"}],"curies":[{"name":"wp","href":"https:\/\/api.w.org\/{rel}","templated":true}]}}