{"id":10675,"date":"2023-08-24T11:48:36","date_gmt":"2023-08-24T11:48:36","guid":{"rendered":"https:\/\/giatsu.es\/?post_type=product&#038;p=10675"},"modified":"2025-05-19T11:02:26","modified_gmt":"2025-05-19T11:02:26","slug":"bomba-de-piscina-basic-neo","status":"publish","type":"product","link":"https:\/\/giatsu.com\/es\/aerotermia\/bombas-de-calor\/bombas-de-piscina\/bomba-de-piscina-basic-neo\/","title":{"rendered":"BASIC NEO"},"content":{"rendered":"<div class=\"wpb-content-wrapper\"><div class=\"container mb-1 moduloprincipalespictos\">\n<h2 class=\"text-center tituloprincipales\">Caracter\u00edsticas principales<\/h2>\n<div class=\"row row-cols-1 row-cols-md-2 row-cols-xl-3\">\n<div class=\"col-xs-6 col-md-3 order-last\">\n<div class=\"card\">\n                            <img decoding=\"async\" class=\"card-img-top w-100 d-block fit-cover pictoprincipalgrande\" src=\"https:\/\/giatsu.com\/wp-content\/uploads\/2025\/05\/wifi-incluido-3b7119.webp\" \/><\/p>\n<div class=\"card-body p-4\">\n<h3 class=\"font-weight-bold card-title\">wifi incluido<\/h3>\n<p class=\"card-text\">Clasificaci\u00f3n de wifi incluido dentro del mapa de gama.<\/p>\n<\/p><\/div><\/div><\/div>\n<div class=\"col-xs-6 col-md-3 order-last\">\n<div class=\"card\">\n                            <img decoding=\"async\" class=\"card-img-top w-100 d-block fit-cover pictoprincipalgrande\" src=\"https:\/\/giatsu.com\/wp-content\/uploads\/2023\/08\/temporizador-8a6fb8.webp\" \/><\/p>\n<div class=\"card-body p-4\">\n<h3 class=\"font-weight-bold card-title\">Temporizador<\/h3>\n<p class=\"card-text\">Permite programar la hora de funcionamiento y temperatura exacta  del agua, optimizando el consumo.<\/p>\n<\/p><\/div><\/div><\/div>\n<div class=\"col-xs-6 col-md-3 order-last\">\n<div class=\"card\">\n                            <img decoding=\"async\" class=\"card-img-top w-100 d-block fit-cover pictoprincipalgrande\" src=\"https:\/\/giatsu.com\/wp-content\/uploads\/2023\/06\/tecnologia_inverter-495dd8.webp\" \/><\/p>\n<div class=\"card-body p-4\">\n<h3 class=\"font-weight-bold card-title\">Tecnolog\u00eda inverter<\/h3>\n<p class=\"card-text\">Al trabajar el compresor de forma continua se consigue un ahorro de hasta el 50% de energ\u00eda con respecto a equipos convencionales.<\/p>\n<\/p><\/div><\/div><\/div>\n<div class=\"col-xs-6 col-md-3 order-last\">\n<div class=\"card\">\n                            <img decoding=\"async\" class=\"card-img-top w-100 d-block fit-cover pictoprincipalgrande\" src=\"https:\/\/giatsu.com\/wp-content\/uploads\/2023\/08\/r32-58a8d5.webp\" \/><\/p>\n<div class=\"card-body p-4\">\n<h3 class=\"font-weight-bold card-title\">Refrigerante R32<\/h3>\n<p class=\"card-text\">El gas R32 tiene un \u00edndice de Potencial de Calentamiento Atmosf\u00e9rico (PCA) muy bajo, una gran eficiencia y poder de refrigeraci\u00f3n.<\/p>\n<\/p><\/div><\/div><\/div><\/div><\/div>\n<hr>\n<p>        [vc_row mobile_bg_img_hidden=\u00bbno\u00bb tablet_bg_img_hidden=\u00bbno\u00bb woodmart_parallax=\u00bb0&#8243; woodmart_gradient_switch=\u00bbno\u00bb row_reverse_mobile=\u00bb0&#8243; row_reverse_tablet=\u00bb0&#8243; woodmart_disable_overflow=\u00bb0&#8243; el_class=\u00bbfilaImgCaracteristica\u00bb][vc_column mobile_bg_img_hidden=\u00bbno\u00bb tablet_bg_img_hidden=\u00bbno\u00bb woodmart_parallax=\u00bb0&#8243; woodmart_sticky_column=\u00bbfalse\u00bb parallax_scroll=\u00bbno\u00bb mobile_reset_margin=\u00bbno\u00bb tablet_reset_margin=\u00bbno\u00bb]<\/p>\n<div class=\"container mb-1\">\n<h3 class=\"text-center\">Informaci\u00f3n t\u00e9cnica<\/h3>\n<div class=\"row row-cols-1 row-cols-md-2 row-cols-xl-3 justify-content-md-center\">\n<div class=\"col-xs-1 col-md-1\">\n<div class=\"card\">\n                            <img decoding=\"async\" class=\"card-img-top w-100 d-block fit-cover pictoprincipalgrande\" src=\"https:\/\/giatsu.com\/wp-content\/uploads\/2023\/08\/intercambiador_de_titanio-c0f377.webp\" \/><\/p>\n<div class=\"card-body p-4\">\n<h4 class=\"card-text textospictospeques\">Intercambiador de titanio<\/h4>\n<\/p><\/div><\/div><\/div>\n<div class=\"col-xs-1 col-md-1\">\n<div class=\"card\">\n                            <img decoding=\"async\" class=\"card-img-top w-100 d-block fit-cover pictoprincipalgrande\" src=\"https:\/\/giatsu.com\/wp-content\/uploads\/2023\/08\/control_cableado-c1d085.webp\" \/><\/p>\n<div class=\"card-body p-4\">\n<h4 class=\"card-text textospictospeques\">Control cableado<\/h4>\n<\/p><\/div><\/div><\/div>\n<div class=\"col-xs-1 col-md-1\">\n<div class=\"card\">\n                            <img decoding=\"async\" class=\"card-img-top w-100 d-block fit-cover pictoprincipalgrande\" src=\"https:\/\/giatsu.com\/wp-content\/uploads\/2023\/08\/amplio_rango_de_funcionamiento2-22fb93.webp\" \/><\/p>\n<div class=\"card-body p-4\">\n<h4 class=\"card-text textospictospeques\">Amplio rango de funcionamiento<\/h4>\n<\/p><\/div><\/div><\/div><\/div><\/div>\n<div class=\"row justify-content-md-center\">\n<div class=\"vc_btn3-container vc_btn3-inline\" id=\"botonDescargarFicha\">\n                        <a target=\"_blank\" class=\"btn btn-light border rounded-4 botondescarga\" href=\"https:\/\/giatsu.com\/documentacion\/\/giatsu-fichas-tecnicas-bombas-de-calor-para-piscinas-basic-neo-espanol.pdf\" title=\"\">Descargar ficha t\u00e9cnica<\/a>\n                 <\/div><\/div>\n<div class=\"row\">\n<hr>\n<div class=\"col text-center\"><a target=\"_blank\" href=\"https:\/\/giatsu.com\/documentacion\/\/giatsu-manual-de-usuario-e-instalacion-bombas-de-calor-para-piscinas-basic-neo-multiidioma.pdf\" class=\"btn btn-light border rounded-4 botonDescargaManual botondescarga\">Manual de usuario<\/a><\/div>\n<div class=\"col text-center\"><a target=\"_blank\" href=\"https:\/\/giatsu.com\/documentacion\/\/giatsu-manual-de-usuario-e-instalacion-bombas-de-calor-para-piscinas-basic-neo-multiidioma.pdf\" class=\"btn btn-light border rounded-4 botonDescargaManual botondescarga\">Manual de instalaci\u00f3n<\/a><\/div>\n<hr>\n<\/div>\n<\/div>","protected":false},"excerpt":{"rendered":"<p>Equipada con caracter&iacute;sticas de vanguardia, la<strong> bomba de calor para piscina BASIC NEO<\/strong> redefine el est&aacute;ndar en el calentamiento de piscinas y spas, brindando un ambiente perfecto.<\/p>\n<p><strong>Equipada con la&nbsp;&uacute;ltima tecnolog&iacute;a DC Inverter<\/strong>,&nbsp;consume solo lo necesario y se adapta inteligentemente a la temperatura deseada, asegurando un confort incomparable para cada usuario. Adem&aacute;s, su rendimiento se traduce en ahorro energ&eacute;tico, contribuyendo a un estilo de vida m&aacute;s sostenible y ecol&oacute;gico.<\/p>\n<p>Ha sido dise&ntilde;ada con un&nbsp;<strong>Coeficiente de Rendimiento excepcionalmente elevado (13 COP)<\/strong>. Esto significa que obtendr&aacute;s m&aacute;s calor por cada unidad de energ&iacute;a consumida, lo que se traduce en ahorros significativos a largo plazo y una huella ambiental m&aacute;s liviana.<\/p>\n<p>Su&nbsp;<strong>intercambiador de titanio<\/strong>&nbsp;ha sido dise&ntilde;ado para enfrentar rigores de entornos acu&aacute;ticos exigentes. Es capaz de soportar altos niveles de salinidad y cloraci&oacute;n sin comprometer su integridad ni su rendimiento. La bomba mantiene su eficiencia y capacidad de calentamiento sin importar cu&aacute;ntas temporadas pasen, lo que se traduce en una inversi&oacute;n inteligente a largo plazo.<\/p>\n<p class=\"MsoNormal\" style=\"line-height: normal\"><span style=\"font-size: 12.0pt;font-family: ''Times New Roman'',serif\"><strong>La bomba de calor para piscina BASIC NEO se ha consolidado como una referencia por su alto rendimiento energ&eacute;tico, compresor DC Inverter, su intercambiador de titanio resistente a aguas agresivas, conectividad wifi integrada y destaca tambi&eacute;n por su panel de control extra&iacute;ble e instalable en pared.<\/strong><\/span><\/p>\n<p>Potencias disponibles: 7KW, 9KW, 14KW, 17KW, 21KW, 25KW<\/p>\n<div class='pictosvoz'><\/div>\n","protected":false},"featured_media":11378,"template":"","meta":{"_monsterinsights_skip_tracking":false,"_monsterinsights_sitenote_active":false,"_monsterinsights_sitenote_note":"","_monsterinsights_sitenote_category":0},"product_brand":[],"product_cat":[560,575,583],"product_tag":[603,604,605,606,607],"class_list":{"0":"post-10675","1":"product","2":"type-product","3":"status-publish","4":"has-post-thumbnail","6":"product_cat-aerotermia","7":"product_cat-bombas-de-calor","8":"product_cat-bombas-de-piscina","9":"product_tag-gia-bp07mda","10":"product_tag-gia-bp09mda","11":"product_tag-gia-bp14mda","12":"product_tag-gia-bp17mda","13":"product_tag-gia-bp21mda","15":"first","16":"instock","17":"shipping-taxable","18":"product-type-simple"},"yoast_head":"<!-- This site is optimized with the Yoast SEO plugin v26.6 - https:\/\/yoast.com\/wordpress\/plugins\/seo\/ -->\n<title>BOMBA DE PISICNA BASIC NEO<\/title>\n<meta name=\"description\" content=\"Ha sido dise\u00f1ada con un Coeficiente de Rendimiento (COP) excepcionalmente elevado. Esto significa que obtendr\u00e1s m\u00e1s calor por cada unidad de energ\u00eda consumida, lo que se traduce en ahorros significativos a largo plazo y una huella ambiental m\u00e1s liviana.\" \/>\n<meta name=\"robots\" content=\"index, follow, max-snippet:-1, max-image-preview:large, max-video-preview:-1\" \/>\n<link rel=\"canonical\" href=\"https:\/\/giatsu.com\/es\/aerotermia\/bombas-de-calor\/bombas-de-piscina\/bomba-de-piscina-basic-neo\/\" \/>\n<meta property=\"og:locale\" content=\"es_ES\" \/>\n<meta property=\"og:type\" content=\"article\" \/>\n<meta property=\"og:title\" content=\"BOMBA DE PISICNA BASIC NEO\" \/>\n<meta property=\"og:description\" content=\"Ha sido dise\u00f1ada con un Coeficiente de Rendimiento (COP) excepcionalmente elevado. Esto significa que obtendr\u00e1s m\u00e1s calor por cada unidad de energ\u00eda consumida, lo que se traduce en ahorros significativos a largo plazo y una huella ambiental m\u00e1s liviana.\" \/>\n<meta property=\"og:url\" content=\"https:\/\/giatsu.com\/es\/aerotermia\/bombas-de-calor\/bombas-de-piscina\/bomba-de-piscina-basic-neo\/\" \/>\n<meta property=\"og:site_name\" content=\"GIATSU\" \/>\n<meta property=\"article:modified_time\" content=\"2025-05-19T11:02:26+00:00\" \/>\n<meta property=\"og:image\" content=\"https:\/\/giatsu.com\/wp-content\/uploads\/2023\/10\/basic-neo-b7bde1.webp\" \/>\n\t<meta property=\"og:image:width\" content=\"800\" \/>\n\t<meta property=\"og:image:height\" content=\"800\" \/>\n\t<meta property=\"og:image:type\" content=\"image\/webp\" \/>\n<meta name=\"twitter:card\" content=\"summary_large_image\" \/>\n<meta name=\"twitter:label1\" content=\"Tiempo de lectura\" \/>\n\t<meta name=\"twitter:data1\" content=\"1 minuto\" \/>\n<script type=\"application\/ld+json\" class=\"yoast-schema-graph\">{\"@context\":\"https:\/\/schema.org\",\"@graph\":[{\"@type\":\"WebPage\",\"@id\":\"https:\/\/giatsu.com\/es\/aerotermia\/bombas-de-calor\/bombas-de-piscina\/bomba-de-piscina-basic-neo\/\",\"url\":\"https:\/\/giatsu.com\/es\/aerotermia\/bombas-de-calor\/bombas-de-piscina\/bomba-de-piscina-basic-neo\/\",\"name\":\"BOMBA DE PISICNA BASIC NEO\",\"isPartOf\":{\"@id\":\"https:\/\/giatsu.com\/es\/#website\"},\"primaryImageOfPage\":{\"@id\":\"https:\/\/giatsu.com\/es\/aerotermia\/bombas-de-calor\/bombas-de-piscina\/bomba-de-piscina-basic-neo\/#primaryimage\"},\"image\":{\"@id\":\"https:\/\/giatsu.com\/es\/aerotermia\/bombas-de-calor\/bombas-de-piscina\/bomba-de-piscina-basic-neo\/#primaryimage\"},\"thumbnailUrl\":\"https:\/\/giatsu.com\/wp-content\/uploads\/2023\/10\/basic-neo-b7bde1.webp\",\"datePublished\":\"2023-08-24T11:48:36+00:00\",\"dateModified\":\"2025-05-19T11:02:26+00:00\",\"description\":\"Ha sido dise\u00f1ada con un Coeficiente de Rendimiento (COP) excepcionalmente elevado. Esto significa que obtendr\u00e1s m\u00e1s calor por cada unidad de energ\u00eda consumida, lo que se traduce en ahorros significativos a largo plazo y una huella ambiental m\u00e1s liviana.\",\"breadcrumb\":{\"@id\":\"https:\/\/giatsu.com\/es\/aerotermia\/bombas-de-calor\/bombas-de-piscina\/bomba-de-piscina-basic-neo\/#breadcrumb\"},\"inLanguage\":\"es\",\"potentialAction\":[{\"@type\":\"ReadAction\",\"target\":[\"https:\/\/giatsu.com\/es\/aerotermia\/bombas-de-calor\/bombas-de-piscina\/bomba-de-piscina-basic-neo\/\"]}]},{\"@type\":\"ImageObject\",\"inLanguage\":\"es\",\"@id\":\"https:\/\/giatsu.com\/es\/aerotermia\/bombas-de-calor\/bombas-de-piscina\/bomba-de-piscina-basic-neo\/#primaryimage\",\"url\":\"https:\/\/giatsu.com\/wp-content\/uploads\/2023\/10\/basic-neo-b7bde1.webp\",\"contentUrl\":\"https:\/\/giatsu.com\/wp-content\/uploads\/2023\/10\/basic-neo-b7bde1.webp\",\"width\":800,\"height\":800},{\"@type\":\"BreadcrumbList\",\"@id\":\"https:\/\/giatsu.com\/es\/aerotermia\/bombas-de-calor\/bombas-de-piscina\/bomba-de-piscina-basic-neo\/#breadcrumb\",\"itemListElement\":[{\"@type\":\"ListItem\",\"position\":1,\"name\":\"Home\",\"item\":\"https:\/\/giatsu.com\/es\/\"},{\"@type\":\"ListItem\",\"position\":2,\"name\":\"PRODUCTOS\",\"item\":\"https:\/\/giatsu.com\/es\/productos\/\"},{\"@type\":\"ListItem\",\"position\":3,\"name\":\"BASIC NEO\"}]},{\"@type\":\"WebSite\",\"@id\":\"https:\/\/giatsu.com\/es\/#website\",\"url\":\"https:\/\/giatsu.com\/es\/\",\"name\":\"GIATSU\",\"description\":\"Quality Comfort Everywhere\",\"potentialAction\":[{\"@type\":\"SearchAction\",\"target\":{\"@type\":\"EntryPoint\",\"urlTemplate\":\"https:\/\/giatsu.com\/es\/?s={search_term_string}\"},\"query-input\":{\"@type\":\"PropertyValueSpecification\",\"valueRequired\":true,\"valueName\":\"search_term_string\"}}],\"inLanguage\":\"es\"}]}<\/script>\n<!-- \/ Yoast SEO plugin. -->","yoast_head_json":{"title":"BOMBA DE PISICNA BASIC NEO","description":"Ha sido dise\u00f1ada con un Coeficiente de Rendimiento (COP) excepcionalmente elevado. Esto significa que obtendr\u00e1s m\u00e1s calor por cada unidad de energ\u00eda consumida, lo que se traduce en ahorros significativos a largo plazo y una huella ambiental m\u00e1s liviana.","robots":{"index":"index","follow":"follow","max-snippet":"max-snippet:-1","max-image-preview":"max-image-preview:large","max-video-preview":"max-video-preview:-1"},"canonical":"https:\/\/giatsu.com\/es\/aerotermia\/bombas-de-calor\/bombas-de-piscina\/bomba-de-piscina-basic-neo\/","og_locale":"es_ES","og_type":"article","og_title":"BOMBA DE PISICNA BASIC NEO","og_description":"Ha sido dise\u00f1ada con un Coeficiente de Rendimiento (COP) excepcionalmente elevado. Esto significa que obtendr\u00e1s m\u00e1s calor por cada unidad de energ\u00eda consumida, lo que se traduce en ahorros significativos a largo plazo y una huella ambiental m\u00e1s liviana.","og_url":"https:\/\/giatsu.com\/es\/aerotermia\/bombas-de-calor\/bombas-de-piscina\/bomba-de-piscina-basic-neo\/","og_site_name":"GIATSU","article_modified_time":"2025-05-19T11:02:26+00:00","og_image":[{"width":800,"height":800,"url":"https:\/\/giatsu.com\/wp-content\/uploads\/2023\/10\/basic-neo-b7bde1.webp","type":"image\/webp"}],"twitter_card":"summary_large_image","twitter_misc":{"Tiempo de lectura":"1 minuto"},"schema":{"@context":"https:\/\/schema.org","@graph":[{"@type":"WebPage","@id":"https:\/\/giatsu.com\/es\/aerotermia\/bombas-de-calor\/bombas-de-piscina\/bomba-de-piscina-basic-neo\/","url":"https:\/\/giatsu.com\/es\/aerotermia\/bombas-de-calor\/bombas-de-piscina\/bomba-de-piscina-basic-neo\/","name":"BOMBA DE PISICNA BASIC NEO","isPartOf":{"@id":"https:\/\/giatsu.com\/es\/#website"},"primaryImageOfPage":{"@id":"https:\/\/giatsu.com\/es\/aerotermia\/bombas-de-calor\/bombas-de-piscina\/bomba-de-piscina-basic-neo\/#primaryimage"},"image":{"@id":"https:\/\/giatsu.com\/es\/aerotermia\/bombas-de-calor\/bombas-de-piscina\/bomba-de-piscina-basic-neo\/#primaryimage"},"thumbnailUrl":"https:\/\/giatsu.com\/wp-content\/uploads\/2023\/10\/basic-neo-b7bde1.webp","datePublished":"2023-08-24T11:48:36+00:00","dateModified":"2025-05-19T11:02:26+00:00","description":"Ha sido dise\u00f1ada con un Coeficiente de Rendimiento (COP) excepcionalmente elevado. Esto significa que obtendr\u00e1s m\u00e1s calor por cada unidad de energ\u00eda consumida, lo que se traduce en ahorros significativos a largo plazo y una huella ambiental m\u00e1s liviana.","breadcrumb":{"@id":"https:\/\/giatsu.com\/es\/aerotermia\/bombas-de-calor\/bombas-de-piscina\/bomba-de-piscina-basic-neo\/#breadcrumb"},"inLanguage":"es","potentialAction":[{"@type":"ReadAction","target":["https:\/\/giatsu.com\/es\/aerotermia\/bombas-de-calor\/bombas-de-piscina\/bomba-de-piscina-basic-neo\/"]}]},{"@type":"ImageObject","inLanguage":"es","@id":"https:\/\/giatsu.com\/es\/aerotermia\/bombas-de-calor\/bombas-de-piscina\/bomba-de-piscina-basic-neo\/#primaryimage","url":"https:\/\/giatsu.com\/wp-content\/uploads\/2023\/10\/basic-neo-b7bde1.webp","contentUrl":"https:\/\/giatsu.com\/wp-content\/uploads\/2023\/10\/basic-neo-b7bde1.webp","width":800,"height":800},{"@type":"BreadcrumbList","@id":"https:\/\/giatsu.com\/es\/aerotermia\/bombas-de-calor\/bombas-de-piscina\/bomba-de-piscina-basic-neo\/#breadcrumb","itemListElement":[{"@type":"ListItem","position":1,"name":"Home","item":"https:\/\/giatsu.com\/es\/"},{"@type":"ListItem","position":2,"name":"PRODUCTOS","item":"https:\/\/giatsu.com\/es\/productos\/"},{"@type":"ListItem","position":3,"name":"BASIC NEO"}]},{"@type":"WebSite","@id":"https:\/\/giatsu.com\/es\/#website","url":"https:\/\/giatsu.com\/es\/","name":"GIATSU","description":"Quality Comfort Everywhere","potentialAction":[{"@type":"SearchAction","target":{"@type":"EntryPoint","urlTemplate":"https:\/\/giatsu.com\/es\/?s={search_term_string}"},"query-input":{"@type":"PropertyValueSpecification","valueRequired":true,"valueName":"search_term_string"}}],"inLanguage":"es"}]}},"_links":{"self":[{"href":"https:\/\/giatsu.com\/es\/wp-json\/wp\/v2\/product\/10675","targetHints":{"allow":["GET"]}}],"collection":[{"href":"https:\/\/giatsu.com\/es\/wp-json\/wp\/v2\/product"}],"about":[{"href":"https:\/\/giatsu.com\/es\/wp-json\/wp\/v2\/types\/product"}],"wp:featuredmedia":[{"embeddable":true,"href":"https:\/\/giatsu.com\/es\/wp-json\/wp\/v2\/media\/11378"}],"wp:attachment":[{"href":"https:\/\/giatsu.com\/es\/wp-json\/wp\/v2\/media?parent=10675"}],"wp:term":[{"taxonomy":"product_brand","embeddable":true,"href":"https:\/\/giatsu.com\/es\/wp-json\/wp\/v2\/product_brand?post=10675"},{"taxonomy":"product_cat","embeddable":true,"href":"https:\/\/giatsu.com\/es\/wp-json\/wp\/v2\/product_cat?post=10675"},{"taxonomy":"product_tag","embeddable":true,"href":"https:\/\/giatsu.com\/es\/wp-json\/wp\/v2\/product_tag?post=10675"}],"curies":[{"name":"wp","href":"https:\/\/api.w.org\/{rel}","templated":true}]}}