{"id":8551,"date":"2023-06-07T13:19:07","date_gmt":"2023-06-07T13:19:07","guid":{"rendered":"https:\/\/giatsu.es\/?page_id=8551"},"modified":"2025-06-03T06:41:03","modified_gmt":"2025-06-03T06:41:03","slug":"aviso-legal-2","status":"publish","type":"page","link":"https:\/\/giatsu.com\/es\/aviso-legal-2\/","title":{"rendered":"Aviso legal"},"content":{"rendered":"<div class=\"wpb-content-wrapper\"><p>[vc_row][vc_column][vc_custom_heading text=\u00bbAviso legal\u00bb font_container=\u00bbtag:h1|text_align:left\u00bb use_theme_fonts=\u00bbyes\u00bb][vc_custom_heading text=\u00bbInformaci\u00f3n general\u00bb use_theme_fonts=\u00bbyes\u00bb][vc_column_text css=\u00bb\u00bb woodmart_inline=\u00bbno\u00bb text_larger=\u00bbno\u00bb]En cumplimiento de lo dispuesto en el art\u00edculo 10 de la Ley 34\/2002, de 11 de Julio, de Servicios de la Sociedad de la Informaci\u00f3n y Comercio Electr\u00f3nico (LSSICE), ponemos en tu conocimiento que la titular del dominio <a href=\"https:\/\/giatsu.com\/aviso-legal\/https\/htwspain.com\">giatsu.es<\/a> es GIAGroup (C.I.F <strong><u>B63730071<\/u><\/strong>), con domicilio en Carrer de Can Cabanyes, 88, 08403 Granollers, Barcelona. Puedes contactar con nosotros en el n\u00famero de tel\u00e9fono (93 419 97 97), o a trav\u00e9s del e-mail\u00a0<a href=\"mailto:info@groupgia.com\">info@groupgia.com<\/a>.[\/vc_column_text][vc_custom_heading text=\u00bbPropiedad intelectual e industrial\u00bb use_theme_fonts=\u00bbyes\u00bb][vc_column_text woodmart_inline=\u00bbno\u00bb text_larger=\u00bbno\u00bb]Los contenidos del sitio web, tantos textos, im\u00e1genes, dise\u00f1o gr\u00e1fico, c\u00f3digo fuente, logos, marcas, etc., son titularidad exclusiva de GIAGroup y est\u00e1n amparados por la normativa reguladora de la Propiedad Intelectual e Industrial, quedando por tanto prohibida la reproducci\u00f3n, modificaci\u00f3n, distribuci\u00f3n o manipulaci\u00f3n de los mismos.<\/p>\n<p>GIAGroup es la titular exclusiva de todos los derechos de propiedad intelectual, industrial y an\u00e1logos que pudieran recaer sobre el Sitio Web. Asimismo, quedan reservados en favor de GIAGroup, todos los derechos sobre cualesquiera Contenidos, Servicios o elementos de su propiedad que se incorporaran en el Sitio Web, incluyendo, a t\u00edtulo meramente enunciativo y no limitativo, aquellos elementos que conforman la apariencia visual, imagen gr\u00e1fica y otros est\u00edmulos sensoriales de las p\u00e1ginas web que conforman el Sitio Web;<\/p>\n<ul>\n<li>La arquitectura de navegaci\u00f3n<\/li>\n<li>Los c\u00f3digos fuente de las p\u00e1ginas web<\/li>\n<li>Im\u00e1genes<\/li>\n<li>Grabaciones<\/li>\n<li>Programas de ordenador<\/li>\n<li>Base de datos<\/li>\n<li>Tecnolog\u00eda<\/li>\n<li>Logotipos<\/li>\n<li>Signos distintivos<\/li>\n<\/ul>\n<p>GIAGroup se reserva el derecho de actualizar, modificar o eliminar informaci\u00f3n contenida en su web, as\u00ed como su configuraci\u00f3n, prestaciones o condiciones generales, en cualquier momento y sin necesidad de previo aviso.<\/p>\n<p>La empresa no garantiza la inexistencia de interrupciones o errores en el acceso al sitio web, ni asumir\u00e1 responsabilidad alguna por problemas t\u00e9cnicos o fallos que se produzcan durante la conexi\u00f3n a Internet.<\/p>\n<p>Tampoco garantiza la ausencia de virus ni de otros elementos que puedan producir alteraciones en su sistema inform\u00e1tico (software y hardware) o en los documentos electr\u00f3nicos y ficheros almacenados en su sistema inform\u00e1tico, por lo que excluye cualquier responsabilidad por los da\u00f1os y perjuicios que puedan producirse en el sistema inform\u00e1tico, documentos electr\u00f3nicos o ficheros de los usuarios.[\/vc_column_text][vc_custom_heading text=\u00bbLimitaci\u00f3n de responsabilidades\u00bb use_theme_fonts=\u00bbyes\u00bb][vc_column_text woodmart_inline=\u00bbno\u00bb text_larger=\u00bbno\u00bb]<strong>De la Informaci\u00f3n<\/strong><\/p>\n<p>GIAGroup no se hace responsable de la veracidad, exactitud, adecuaci\u00f3n, idoneidad, y actualizaci\u00f3n de la informaci\u00f3n suministrada a trav\u00e9s de\u00a0<a href=\"https:\/\/giatsu.com\/aviso-legal\/https\/htwspain.com\">giatsu.es<\/a>. Los contenidos de esta p\u00e1gina son de car\u00e1cter informativo, por lo que GIAGroup no se responsabiliza de las decisiones tomadas por el usuario a partir de las mismas, ni de los da\u00f1os y perjuicios producidos en el usuario o en terceros con base en la informaci\u00f3n obtenida en este sitio web.<\/p>\n<p><strong>De la calidad del servicio<\/strong><\/p>\n<p>El usuario admite conocer y ser consciente de la existencia en la Red de virus, gusanos y otros elementos maliciosos. Corresponde al usuario la disponibilidad de herramientas adecuadas para la detecci\u00f3n y desinfecci\u00f3n de estos programas inform\u00e1ticos da\u00f1inos, sin que GIAGroup sea responsable de los da\u00f1os producidos en los equipos inform\u00e1ticos del usuario o de terceros durante su acceso al sitio web.<\/p>\n<p>GIAGroup no garantiza que la p\u00e1gina web y el servidor est\u00e9n libres de virus y no se hace responsable de los da\u00f1os o perjuicios que se puedan derivar de interferencias, omisiones, interrupciones, virus inform\u00e1ticos o desconexiones que se produzcan durante la conexi\u00f3n a internet, de retrasos o bloqueos en el acceso a la web, ni asume responsabilidad alguna por problemas t\u00e9cnicos.[\/vc_column_text][vc_custom_heading text=\u00bbLicencia de enlaces\u00bb use_theme_fonts=\u00bbyes\u00bb][vc_column_text woodmart_inline=\u00bbno\u00bb text_larger=\u00bbno\u00bb]Todo enlace de terceros a este web deber\u00e1 serlo a su p\u00e1gina principal o de entrada. Los usuarios y, en general, aquellas personas que se propongan establecer un enlace entre su p\u00e1gina web y el Sitio Web deber\u00e1n cumplir las condiciones siguientes que a continuaci\u00f3n se detallan. Cualquier otra pretensi\u00f3n de enlace distinta de la estipulada en la presente cl\u00e1usula requerir\u00e1 la previa aceptaci\u00f3n por escrito de GIAGroup.<\/p>\n<p>El usuario no podr\u00e1 reproducir, ni imitar, total o parcialmente, el contenido del Sitio Web, ni la apariencia gr\u00e1fica del mismo (\u201clook and feel\u201d), ni realizar\u00e1 marcos (\u201cframes\u201d), ni enlaces ensamblados (\u201clink inline\u201d) de las p\u00e1ginas de GIAGroup .<\/p>\n<p>No se crear\u00e1 un browser, marco, ni un entorno o barra de navegaci\u00f3n sobre las p\u00e1ginas del Sitio Web.<\/p>\n<p>No se realizar\u00e1n manifestaciones o indicaciones falsas, inexactas, incorrectas o denigratorias sobre el Sitio Web, GIAGroup o cualquiera de las Propiedades GIAGroup y, en particular, no se declarar\u00e1 ni dar\u00e1 a entender que GIAGroup colabora o es un socio colaborador y\/o que en cualquier forma ha supervisado o asumido de cualquier forma los contenidos o servicios ofrecidos o puestos a disposici\u00f3n de la p\u00e1gina web en la que se establece el enlace.<\/p>\n<p>La p\u00e1gina web en la que se establezca el enlace no contendr\u00e1 ninguna marca, nombre comercial, r\u00f3tulo de establecimiento, denominaci\u00f3n, logotipo, eslogan u otros signos distintivos pertenecientes a GIAGroup, excepci\u00f3n hecha de aquellos signos que formen parte del mismo enlace o aquellas otras Propiedades que hayan sido licenciadas con anterioridad por escrito por GIAGroup.<\/p>\n<p>La p\u00e1gina web en la que se establezca el enlace no contendr\u00e1 informaciones o contenidos il\u00edcitos, contrarios a la moral, a las buenas costumbres generalmente aceptadas y al orden p\u00fablico.<\/p>\n<p>En el supuesto de que en la Web se dispusieran enlaces hacia otros lugares de internet,\u00a0<strong>GIAGroup no ejercer\u00e1 ning\u00fan tipo de control sobre estos lugares y contenidos<\/strong>. En ning\u00fan caso, GIAGroup asumir\u00e1 responsabilidad alguna por los contenidos de alg\u00fan enlace perteneciente a un lugar Web ajeno, ni garantizar\u00e1 la disponibilidad t\u00e9cnica, calidad, fiabilidad, exactitud, veracidad y validez de cualquier material o informaci\u00f3n contenida en los mismos.<\/p>\n<p>Estos enlaces se proporcionan \u00fanicamente para informar al Usuario sobre la existencia de otras fuentes de informaci\u00f3n sobre un tema concreto y la incorporaci\u00f3n de un enlace no implica la aprobaci\u00f3n de la p\u00e1gina web enlazada por parte de GIAGroup.[\/vc_column_text][vc_custom_heading text=\u00bbObligaciones del Usuario\u00bb use_theme_fonts=\u00bbyes\u00bb][vc_column_text woodmart_inline=\u00bbno\u00bb text_larger=\u00bbno\u00bb]El usuario se compromete a utilizar la p\u00e1gina Web, los contenidos y servicios de conformidad con la Ley, las buenas costumbres, las exigencias de la buena fe, el presente Aviso Legal y dem\u00e1s condiciones aplicables que se incluyan en la presente Web.<\/p>\n<p>Queda expresamente prohibido:<\/p>\n<ul>\n<li>Utilizar cualquiera de los contenidos y servicios con fines o efectos il\u00edcitos, prohibidos en el presente Aviso Legal, lesivos de los derechos e intereses de terceros, o que de cualquier forma puedan da\u00f1ar, inutilizar, sobrecargar, deteriorar o impedir la normal utilizaci\u00f3n de los servicios, los equipos inform\u00e1ticos o los documentos, archivos y toda clase de contenidos almacenados en cualquier equipo inform\u00e1tico de GIAGroup.<\/li>\n<li>Utilizar contenidos\u00a0 que se encuentren protegidos por cualquier derecho de propiedad intelectual o industrial pertenecientes a la entidad o a terceros, sin que el Usuario haya obtenido previamente de sus titulares la autorizaci\u00f3n necesaria para llevar a cabo el uso que efect\u00faa o pretende efectuar.<\/li>\n<li>Reproducir, copiar, distribuir, comunicar, transformar o modificar los contenidos, a menos que se cuente con la autorizaci\u00f3n del titular de los correspondientes derechos o ello resulte legalmente permitido.<\/li>\n<li>Incorporar virus u otros elementos f\u00edsicos o electr\u00f3nicos que puedan da\u00f1ar o impedir el normal funcionamiento de la red, del sistema o de equipos inform\u00e1ticos (hardware y software) de GIAGroup o de terceros o que puedan da\u00f1ar los documentos electr\u00f3nicos y archivos almacenados en dichos equipos inform\u00e1ticos.<\/li>\n<li>La obtenci\u00f3n o incluso el intento de obtenci\u00f3n de los contenidos empleando para ello medios o procedimientos distintos de los que, seg\u00fan los casos, se hayan puesto a su disposici\u00f3n a este efecto en general, de los que se empleen habitualmente en Internet a este efecto siempre que no entra\u00f1en un riesgo de da\u00f1o o inutilizaci\u00f3n de la Web, de los Servicios y\/o de los Contenidos.<\/li>\n<\/ul>\n<p>Asimismo, el usuario se compromete a no retirar, suprimir, alterar, manipular ni en modo alguno modificar:<\/p>\n<ul>\n<li>Aquellas notas, leyendas, indicaciones o s\u00edmbolos que bien GIAGroup o bien los leg\u00edtimos titulares de los derechos incorporen a sus propiedades en materia de propiedad intelectual o industrial (como, por ejemplo, copyright, \u00a9, \u00ae y \u2122, etc.).<\/li>\n<li>Los dispositivos t\u00e9cnicos de protecci\u00f3n o identificaci\u00f3n que puedan contener los Contenidos (como, por ejemplo, marcas de agua, huellas digitales, etc.).<\/li>\n<li>El acceso, visualizaci\u00f3n y, en su caso, descarga de los Contenidos y\/o Servicios se realizar\u00e1 siempre y en todo caso con fines estrictamente personales y no comerciales.<\/li>\n<\/ul>\n<p>GIAGroup se reserva todos los derechos relacionados con la propiedad intelectual e industrial sobre los elementos de su sitio web, y no concede ninguna otra licencia o autorizaci\u00f3n de uso al usuario sobre su Propiedad distinta de la que expresamente se detalla en la presente cl\u00e1usula.[\/vc_column_text][vc_custom_heading text=\u00bbProtecci\u00f3n de datos personales\u00bb use_theme_fonts=\u00bbyes\u00bb][vc_column_text woodmart_inline=\u00bbno\u00bb text_larger=\u00bbno\u00bb]GIAGroup y sus Filiales adoptan todas las medidas t\u00e9cnicas y organizativas necesarias para garantizar la protecci\u00f3n de los datos de car\u00e1cter personal y evitar su alteraci\u00f3n, p\u00e9rdida, tratamiento y\/o acceso no autorizado todo ello, conforme a lo establecido por la legislaci\u00f3n espa\u00f1ola de Protecci\u00f3n de Datos de Car\u00e1cter Personal.<\/p>\n<p>El usuario podr\u00e1 proporcionar a GIAGroup sus datos de car\u00e1cter personal de acuerdo con las exigencias establecidas en el Reglamento (UE) 2016\/679 del Parlamento Europeo y del Consejo de 27 de abril de 2016 relativo a la protecci\u00f3n de las personas f\u00edsicas en lo que respecta al tratamiento de datos personales y a la libre circulaci\u00f3n de estos datos.<\/p>\n<p>Del mismo modo, GIAGroup podr\u00e1 obtener datos de car\u00e1cter personal originados por el uso de la web y\/o por su navegaci\u00f3n de acuerdo con nuestra\u00a0<a href=\"https:\/\/giatsu.com\/politica-privacidad\">Pol\u00edtica de Privacidad<\/a>.[\/vc_column_text][vc_custom_heading text=\u00bbModificaci\u00f3n de las Condiciones de Aviso Legal\u00bb use_theme_fonts=\u00bbyes\u00bb][vc_column_text woodmart_inline=\u00bbno\u00bb text_larger=\u00bbno\u00bb]GIAGroup se reserva expresamente el derecho a modificar, desarrollar o actualizar en cualquier momento el presente Aviso Legal.[\/vc_column_text][vc_custom_heading text=\u00bbLegislaci\u00f3n y jurisdicci\u00f3n\u00bb use_theme_fonts=\u00bbyes\u00bb][vc_column_text woodmart_inline=\u00bbno\u00bb text_larger=\u00bbno\u00bb]El presente Aviso Legal se rige en todos y cada uno de sus extremos por la ley espa\u00f1ola. Para toda cuesti\u00f3n litigiosa relacionada con este Sitio Web ser\u00e1 de aplicaci\u00f3n la legislaci\u00f3n espa\u00f1ola, siendo competentes para ello los Juzgados y Tribunales de Barcelona ciudad (Espa\u00f1a).[\/vc_column_text][\/vc_column][\/vc_row]<\/p>\n<\/div>","protected":false},"excerpt":{"rendered":"<p>[vc_row][vc_column][vc_custom_heading text=\u00bbAviso legal\u00bb font_container=\u00bbtag:h1|text_align:left\u00bb use_theme_fonts=\u00bbyes\u00bb][vc_custom_heading text=\u00bbInformaci\u00f3n general\u00bb use_theme_fonts=\u00bbyes\u00bb][vc_column_text css=\u00bb\u00bb woodmart_inline=\u00bbno\u00bb text_larger=\u00bbno\u00bb]En cumplimiento de lo dispuesto en el art\u00edculo 10 de<\/p>\n","protected":false},"author":4,"featured_media":0,"parent":0,"menu_order":0,"comment_status":"closed","ping_status":"closed","template":"","meta":{"_monsterinsights_skip_tracking":false,"_monsterinsights_sitenote_active":false,"_monsterinsights_sitenote_note":"","_monsterinsights_sitenote_category":0,"footnotes":""},"class_list":["post-8551","page","type-page","status-publish","hentry"],"yoast_head":"<!-- This site is optimized with the Yoast SEO plugin v27.4 - https:\/\/yoast.com\/product\/yoast-seo-wordpress\/ -->\n<title>Aviso legal - GIATSU<\/title>\n<meta name=\"robots\" content=\"index, follow, max-snippet:-1, max-image-preview:large, max-video-preview:-1\" \/>\n<link rel=\"canonical\" href=\"https:\/\/giatsu.com\/es\/aviso-legal-2\/\" \/>\n<meta property=\"og:locale\" content=\"es_ES\" \/>\n<meta property=\"og:type\" content=\"article\" \/>\n<meta property=\"og:title\" content=\"Aviso legal - GIATSU\" \/>\n<meta property=\"og:description\" content=\"[vc_row][vc_column][vc_custom_heading text=\u00bbAviso legal\u00bb font_container=\u00bbtag:h1|text_align:left\u00bb use_theme_fonts=\u00bbyes\u00bb][vc_custom_heading text=\u00bbInformaci\u00f3n general\u00bb use_theme_fonts=\u00bbyes\u00bb][vc_column_text css=\u00bb\u00bb woodmart_inline=\u00bbno\u00bb text_larger=\u00bbno\u00bb]En cumplimiento de lo dispuesto en el art\u00edculo 10 de\" \/>\n<meta property=\"og:url\" content=\"https:\/\/giatsu.com\/es\/aviso-legal-2\/\" \/>\n<meta property=\"og:site_name\" content=\"GIATSU\" \/>\n<meta property=\"article:modified_time\" content=\"2025-06-03T06:41:03+00:00\" \/>\n<meta name=\"twitter:card\" content=\"summary_large_image\" \/>\n<meta name=\"twitter:label1\" content=\"Tiempo de lectura\" \/>\n\t<meta name=\"twitter:data1\" content=\"8 minutos\" \/>\n<script type=\"application\/ld+json\" class=\"yoast-schema-graph\">{\"@context\":\"https:\\\/\\\/schema.org\",\"@graph\":[{\"@type\":\"WebPage\",\"@id\":\"https:\\\/\\\/giatsu.com\\\/es\\\/aviso-legal-2\\\/\",\"url\":\"https:\\\/\\\/giatsu.com\\\/es\\\/aviso-legal-2\\\/\",\"name\":\"Aviso legal - GIATSU\",\"isPartOf\":{\"@id\":\"https:\\\/\\\/giatsu.com\\\/es\\\/#website\"},\"datePublished\":\"2023-06-07T13:19:07+00:00\",\"dateModified\":\"2025-06-03T06:41:03+00:00\",\"breadcrumb\":{\"@id\":\"https:\\\/\\\/giatsu.com\\\/es\\\/aviso-legal-2\\\/#breadcrumb\"},\"inLanguage\":\"es\",\"potentialAction\":[{\"@type\":\"ReadAction\",\"target\":[\"https:\\\/\\\/giatsu.com\\\/es\\\/aviso-legal-2\\\/\"]}]},{\"@type\":\"BreadcrumbList\",\"@id\":\"https:\\\/\\\/giatsu.com\\\/es\\\/aviso-legal-2\\\/#breadcrumb\",\"itemListElement\":[{\"@type\":\"ListItem\",\"position\":1,\"name\":\"Home\",\"item\":\"https:\\\/\\\/giatsu.com\\\/es\\\/\"},{\"@type\":\"ListItem\",\"position\":2,\"name\":\"Aviso legal\"}]},{\"@type\":\"WebSite\",\"@id\":\"https:\\\/\\\/giatsu.com\\\/es\\\/#website\",\"url\":\"https:\\\/\\\/giatsu.com\\\/es\\\/\",\"name\":\"GIATSU\",\"description\":\"Quality Comfort Everywhere\",\"potentialAction\":[{\"@type\":\"SearchAction\",\"target\":{\"@type\":\"EntryPoint\",\"urlTemplate\":\"https:\\\/\\\/giatsu.com\\\/es\\\/?s={search_term_string}\"},\"query-input\":{\"@type\":\"PropertyValueSpecification\",\"valueRequired\":true,\"valueName\":\"search_term_string\"}}],\"inLanguage\":\"es\"}]}<\/script>\n<!-- \/ Yoast SEO plugin. -->","yoast_head_json":{"title":"Aviso legal - GIATSU","robots":{"index":"index","follow":"follow","max-snippet":"max-snippet:-1","max-image-preview":"max-image-preview:large","max-video-preview":"max-video-preview:-1"},"canonical":"https:\/\/giatsu.com\/es\/aviso-legal-2\/","og_locale":"es_ES","og_type":"article","og_title":"Aviso legal - GIATSU","og_description":"[vc_row][vc_column][vc_custom_heading text=\u00bbAviso legal\u00bb font_container=\u00bbtag:h1|text_align:left\u00bb use_theme_fonts=\u00bbyes\u00bb][vc_custom_heading text=\u00bbInformaci\u00f3n general\u00bb use_theme_fonts=\u00bbyes\u00bb][vc_column_text css=\u00bb\u00bb woodmart_inline=\u00bbno\u00bb text_larger=\u00bbno\u00bb]En cumplimiento de lo dispuesto en el art\u00edculo 10 de","og_url":"https:\/\/giatsu.com\/es\/aviso-legal-2\/","og_site_name":"GIATSU","article_modified_time":"2025-06-03T06:41:03+00:00","twitter_card":"summary_large_image","twitter_misc":{"Tiempo de lectura":"8 minutos"},"schema":{"@context":"https:\/\/schema.org","@graph":[{"@type":"WebPage","@id":"https:\/\/giatsu.com\/es\/aviso-legal-2\/","url":"https:\/\/giatsu.com\/es\/aviso-legal-2\/","name":"Aviso legal - GIATSU","isPartOf":{"@id":"https:\/\/giatsu.com\/es\/#website"},"datePublished":"2023-06-07T13:19:07+00:00","dateModified":"2025-06-03T06:41:03+00:00","breadcrumb":{"@id":"https:\/\/giatsu.com\/es\/aviso-legal-2\/#breadcrumb"},"inLanguage":"es","potentialAction":[{"@type":"ReadAction","target":["https:\/\/giatsu.com\/es\/aviso-legal-2\/"]}]},{"@type":"BreadcrumbList","@id":"https:\/\/giatsu.com\/es\/aviso-legal-2\/#breadcrumb","itemListElement":[{"@type":"ListItem","position":1,"name":"Home","item":"https:\/\/giatsu.com\/es\/"},{"@type":"ListItem","position":2,"name":"Aviso legal"}]},{"@type":"WebSite","@id":"https:\/\/giatsu.com\/es\/#website","url":"https:\/\/giatsu.com\/es\/","name":"GIATSU","description":"Quality Comfort Everywhere","potentialAction":[{"@type":"SearchAction","target":{"@type":"EntryPoint","urlTemplate":"https:\/\/giatsu.com\/es\/?s={search_term_string}"},"query-input":{"@type":"PropertyValueSpecification","valueRequired":true,"valueName":"search_term_string"}}],"inLanguage":"es"}]}},"_links":{"self":[{"href":"https:\/\/giatsu.com\/es\/wp-json\/wp\/v2\/pages\/8551","targetHints":{"allow":["GET"]}}],"collection":[{"href":"https:\/\/giatsu.com\/es\/wp-json\/wp\/v2\/pages"}],"about":[{"href":"https:\/\/giatsu.com\/es\/wp-json\/wp\/v2\/types\/page"}],"author":[{"embeddable":true,"href":"https:\/\/giatsu.com\/es\/wp-json\/wp\/v2\/users\/4"}],"replies":[{"embeddable":true,"href":"https:\/\/giatsu.com\/es\/wp-json\/wp\/v2\/comments?post=8551"}],"version-history":[{"count":2,"href":"https:\/\/giatsu.com\/es\/wp-json\/wp\/v2\/pages\/8551\/revisions"}],"predecessor-version":[{"id":13585,"href":"https:\/\/giatsu.com\/es\/wp-json\/wp\/v2\/pages\/8551\/revisions\/13585"}],"wp:attachment":[{"href":"https:\/\/giatsu.com\/es\/wp-json\/wp\/v2\/media?parent=8551"}],"curies":[{"name":"wp","href":"https:\/\/api.w.org\/{rel}","templated":true}]}}