{"id":8549,"date":"2023-06-07T13:08:13","date_gmt":"2023-06-07T13:08:13","guid":{"rendered":"https:\/\/giatsu.es\/?page_id=8549"},"modified":"2023-06-07T14:54:42","modified_gmt":"2023-06-07T14:54:42","slug":"politica-de-privacidad","status":"publish","type":"page","link":"https:\/\/giatsu.com\/es\/politica-de-privacidad\/","title":{"rendered":"Politica de privacidad"},"content":{"rendered":"<div class=\"wpb-content-wrapper\"><p>[vc_row][vc_column][vc_custom_heading text=\u00bbPol\u00edtica de Privacidad\u00bb font_container=\u00bbtag:h1|text_align:left\u00bb use_theme_fonts=\u00bbyes\u00bb][\/vc_column][\/vc_row][vc_row][vc_column][vc_column_text woodmart_inline=\u00bbno\u00bb text_larger=\u00bbno\u00bb]<\/p>\n<table border=\"1\" cellspacing=\"1\" cellpadding=\"1\" align=\"center\">\n<tbody>\n<tr>\n<td colspan=\"2\"><strong>Informaci\u00f3n b\u00e1sica sobre Protecci\u00f3n de Datos<\/strong><\/td>\n<\/tr>\n<tr>\n<td><strong>Responsable<\/strong><\/td>\n<td>GESTI\u00d3N INTEGRAL ALMACENES, S.L., con domicilio social en C\/ Can Cabanyes, 88, 08403, Granollers, Barcelona <a href=\"#Responsable\"><strong>M\u00e1s info<\/strong><\/a><\/td>\n<\/tr>\n<tr>\n<td><strong>Finalidad<\/strong><\/td>\n<td>Mantenimiento y gesti\u00f3n de la relaci\u00f3n contractual, gestionar solicitudes y consultas de los usuarios y clientes, gesti\u00f3n de solicitudes de candidatos y env\u00edo de comunicaciones comerciales electr\u00f3nicas.\u00a0<a href=\"#Finalidad\"><strong>M\u00e1s info<\/strong><\/a><\/td>\n<\/tr>\n<tr>\n<td><strong>Legitimaci\u00f3n<\/strong><\/td>\n<td>Ejecuci\u00f3n del contrato, inter\u00e9s leg\u00edtimo y consentimiento.\u00a0<a href=\"#Legitimacion\"><strong>M\u00e1s info<\/strong><\/a><\/td>\n<\/tr>\n<tr>\n<td><strong>Destinatarios<\/strong><\/td>\n<td>Entidades del grupo GIAGroup y encargados del tratamiento, algunos de ellos ubicados fuera de la UE. <a href=\"#Destinatarios\"><strong>M\u00e1s info<\/strong><\/a><\/td>\n<\/tr>\n<tr>\n<td><strong>Derechos<\/strong><\/td>\n<td>Acceder, rectificar y suprimir los datos, as\u00ed como otros derechos, como se explica en la informaci\u00f3n adicional.\u00a0<a href=\"#Derechos\"><strong>M\u00e1s info<\/strong><\/a><\/td>\n<\/tr>\n<\/tbody>\n<\/table>\n<p>[\/vc_column_text][vc_column_text woodmart_inline=\u00bbno\u00bb text_larger=\u00bbno\u00bb]GESTI\u00d3N INTEGRAL ALMACENES, S.L. (en adelante, \u201c<strong>GIAGROUP<\/strong>\u201d), son conscientes de la importancia de la normativa en vigor en materia de privacidad y protecci\u00f3n de datos. En este sentido, damos mucha importancia a la protecci\u00f3n de la seguridad, integridad, veracidad y confidencialidad de los datos proporcionados por nuestros clientes y usuarios, actuando de manera responsable y transparente al respecto. La presente Pol\u00edtica de Privacidad (en adelante, la \u201c<strong>Pol\u00edtica<\/strong>\u201d) tiene por objeto informarte sobre c\u00f3mo recogemos, tratamos y protegemos los datos de car\u00e1cter personal. Asimismo especificar la finalidad de los datos recabados as\u00ed como los fines para los cuales pueden ser utilizados por terceros, a trav\u00e9s de\u00a0<a href=\"https:\/\/groupgia.com\/\">https:\/\/groupgia.com\/<\/a>\u00a0(en adelante, la \u201c<strong>Plataforma<\/strong>\u201d) o por cualquier otro medio como tel\u00e9fono, correo electr\u00f3nico o correo postal.[\/vc_column_text][vc_custom_heading text=\u00bbAlcance de la Pol\u00edtica de Privacidad\u00bb use_theme_fonts=\u00bbyes\u00bb][vc_column_text woodmart_inline=\u00bbno\u00bb text_larger=\u00bbno\u00bb]Esta Pol\u00edtica se aplica a los datos proporcionados por nuestros clientes, usuarios finales o proveedores, personas solicitantes de informaci\u00f3n, usuarios de nuestro\u00a0sitio web\u00a0<a href=\"https:\/\/www.giatsu.es\/\">giatsu.es<\/a>, candidatos a puestos de trabajo o terceros con los que nos podamos relacionar y cuyos datos sean necesarios para el desarrollo de nuestra actividad.[\/vc_column_text][\/vc_column][\/vc_row][vc_row][vc_column][vc_custom_heading text=\u00bbResponsable\u00bb use_theme_fonts=\u00bbyes\u00bb][vc_column_text woodmart_inline=\u00bbno\u00bb text_larger=\u00bbno\u00bb]El Responsable del tratamiento de tus datos es:<br \/>\n<strong>Gesti\u00f3n Integral Almacenes, S.L.<\/strong><br \/>\nN.I.F: B63730071<br \/>\nDirecci\u00f3n: C\/ Can Cabanyes, 88, 08403 Granollers, Barcelona<br \/>\nTel\u00e9fono: 933 90 42 20<br \/>\nCorreo electr\u00f3nico:\u00a0<a href=\"mailto:info@groupgia.com\">info@groupgia.com<\/a>[\/vc_column_text][vc_custom_heading text=\u00bbEncargado del tratamiento\u00bb use_theme_fonts=\u00bbyes\u00bb][vc_column_text woodmart_inline=\u00bbno\u00bb text_larger=\u00bbno\u00bb]<strong>GESTI\u00d3N INTEGRAL ALMACENES, S.L.<\/strong> act\u00faa tambi\u00e9n en calidad de Encargado del Tratamiento por cuenta de sus Filiales en el Tratamiento por medios electr\u00f3nicos o no electr\u00f3nicos de Datos Personales cuyos responsables sean las Filiales.<\/p>\n<p><strong>GESTI\u00d3N INTEGRAL ALMACENES, S.L<\/strong>. podr\u00e1n actuar en calidad de Encargados del Tratamiento por cuenta e instrucciones de <strong>HTWSPAIN<\/strong> cuando existan contratos de tratamiento en vigor.[\/vc_column_text][vc_custom_heading text=\u00bb\u00bfQu\u00e9 informaci\u00f3n recopilamos?\u00bb use_theme_fonts=\u00bbyes\u00bb][vc_column_text woodmart_inline=\u00bbno\u00bb text_larger=\u00bbno\u00bb]<\/p>\n<p style=\"text-align: justify;\">Cuando solicitas informaci\u00f3n, compras nuestros productos o utilizas nuestros servicios recopilamos informaci\u00f3n personal como, por ejemplo:<\/p>\n<p style=\"text-align: left;\"><strong>a) Informaci\u00f3n proporcionada por el usuario:<\/strong><\/p>\n<p style=\"text-align: left;\">Incluye los datos introducidos en los formularios de contacto de los sitios web, tales como, por ejemplo:<\/p>\n<ul style=\"text-align: justify;\">\n<li>Nombre y apellidos,<\/li>\n<li>DNI,<\/li>\n<li>Direcci\u00f3n,<\/li>\n<li>Tel\u00e9fono,<\/li>\n<li>Correo electr\u00f3nico,<\/li>\n<li>Empresa y datos del equipo,<\/li>\n<li>Informaci\u00f3n sobre los medios de pago utilizados en las transacciones comerciales, como por ejemplo el n\u00famero de tu tarjeta de cr\u00e9dito o su cuenta bancaria,<\/li>\n<li>Informaci\u00f3n necesaria para el cumplimiento de nuestras obligaciones contables y fiscales.<\/li>\n<\/ul>\n<p style=\"text-align: justify;\"><strong>b) Informaci\u00f3n de encuestas:<\/strong><\/p>\n<p style=\"text-align: justify;\">Es posible que se le pida rellenar encuestas con fines de investigaci\u00f3n. En tales circunstancias, se recopilar\u00e1 la informaci\u00f3n proporcionada en la encuesta final.<\/p>\n<p style=\"text-align: justify;\"><strong>c) Uso de Sitios Web y Medios de Comunicaci\u00f3n:<\/strong><\/p>\n<p style=\"text-align: justify;\">Cuando un usuario visita los Sitios Web, se recopilan detalles e informaci\u00f3n de dichas visitas a trav\u00e9s de cookies y otras tecnolog\u00edas de seguimiento. Entre esta informaci\u00f3n, se incluye, por ejemplo:<\/p>\n<ul style=\"text-align: justify;\">\n<li>Direcci\u00f3n IP<\/li>\n<li>Sistema operativo<\/li>\n<li>Versi\u00f3n de navegador y sistema operativo<\/li>\n<li>Los recursos a los que accede y otros datos de comunicaci\u00f3n<\/li>\n<li>Registros web<\/li>\n<\/ul>\n<p style=\"text-align: justify;\">Todo ello para analizar y mejorar la experiencia de uso.<\/p>\n<p>[\/vc_column_text][\/vc_column][\/vc_row][vc_row][vc_column][vc_custom_heading text=\u00bb\u00bfCon qu\u00e9 finalidad tratamos tus datos?\u00bb use_theme_fonts=\u00bbyes\u00bb][vc_column_text woodmart_inline=\u00bbno\u00bb text_larger=\u00bbno\u00bb]<\/p>\n<div style=\"text-align: justify;\">\n<p>Los datos que nos facilitas son tratados con las\u00a0<strong>siguientes finalidades<\/strong>:<\/p>\n<ul>\n<li>Gestionar tu relaci\u00f3n comercial con nosotros en cuanto a los servicios ofrecidos;<\/li>\n<li>Prestar servicios de post-venta;<\/li>\n<li>Atender tus solicitudes de informaci\u00f3n;<\/li>\n<li>Ofrecerte materiales de comercializaci\u00f3n: Para mostrarle novedades y ofertas, promociones, productos, servicios, circulares y campa\u00f1as cuando ha consentido recibirlas. Su informaci\u00f3n personal tambi\u00e9n puede utilizarse para ofrecerle los productos y servicios de <strong>GIAGroup<\/strong> y de sus filiales por correo electr\u00f3nico, postal o tel\u00e9fono; Le informamos que en el caso de haber proporcionado sus datos personales con la finalidad comercial a alguna filial de <strong>GIAGroup<\/strong>, dichos datos podr\u00e1n ser tratados por <strong>GIAGroup<\/strong> a fin de enviarle informaci\u00f3n comercial. Tiene la opci\u00f3n de cancelar su suscripci\u00f3n o de renunciar a recibir m\u00e1s comunicaciones con la comercializaci\u00f3n de productos en cualquier momento bien utilizando el enlace habilitado para tal prop\u00f3sito en cada comunicaci\u00f3n electr\u00f3nica o bien enviando un correo electr\u00f3nico a <a href=\"mailto:info@groupgia.com\">info@groupgia.com<\/a>,<\/li>\n<li>El usuario tiene derecho a pedir que no trate su informaci\u00f3n personal con fines de comercializaci\u00f3n marcando las casillas designadas para este fin.<\/li>\n<li>Realizar encuestas de satisfacci\u00f3n sobre el servicio ofrecido;<\/li>\n<li>Realizar estad\u00edsticas y an\u00e1lisis de tendencias de mercado y conocer tus preferencias de navegaci\u00f3n en nuestras p\u00e1ginas web para poder personalizar y mejorar nuestros servicios y mantener la seguridad del sitio tal y como se explica en la\u00a0<a href=\"https:\/\/htwspain.com\/es\/politica-de-cookies\/\">Pol\u00edtica de Cookies<\/a>.<\/li>\n<\/ul>\n<p>Si eres candidato a un puesto de trabajo tus datos pueden ser tratados con las siguientes finalidades:<\/p>\n<ul>\n<li>Gestionar tu solicitud;<\/li>\n<li>Informarte de las vacantes a un puesto de trabajo que se produzcan en nuestra organizaci\u00f3n;<\/li>\n<li>Llevar a cabo procesos de selecci\u00f3n de personal;<\/li>\n<li>Solicitar referencias laborales de las personas o empresas en las que prestes o hayas prestado sus servicios;<\/li>\n<li>En tu caso, para llevar a cabo tu contrataci\u00f3n como empleado.<\/li>\n<\/ul>\n<\/div>\n<p>[\/vc_column_text][vc_custom_heading text=\u00bb\u00bfPor cu\u00e1nto tiempo conservamos tus datos?\u00bb use_theme_fonts=\u00bbyes\u00bb][vc_column_text woodmart_inline=\u00bbno\u00bb text_larger=\u00bbno\u00bb]<\/p>\n<p style=\"text-align: justify;\">Si\u00a0mantienes una relaci\u00f3n comercial con nosotros, los datos que haya facilitado con este prop\u00f3sito se conservar\u00e1n mientras se mantenga la relaci\u00f3n comercial y durante los a\u00f1os necesarios para cumplir con las obligaciones legales y fiscales que ser\u00e1n como m\u00ednimo 5 a\u00f1os desde la terminaci\u00f3n de la relaci\u00f3n comercial. En caso contrario, tus datos se conservar\u00e1n mientras no solicites el cese del tratamiento de los datos personales.<\/p>\n<p>Si eres\u00a0candidato a un puesto de trabajo, los datos que nos hayas proporcionado con dicha finalidad se conservar\u00e1n hasta la adjudicaci\u00f3n del puesto de trabajo, cuando pasar\u00e1n a incorporarse en tu expediente laboral. En caso de no resultar seleccionado para el puesto de trabajo, tus datos se conservar\u00e1n durante un periodo m\u00e1ximo de 1 a\u00f1o para poder tenerte en cuenta en futuros procesos de selecci\u00f3n.[\/vc_column_text][\/vc_column][\/vc_row][vc_row][vc_column][vc_custom_heading text=\u00bb\u00bfQui\u00e9nes son los destinatarios de los datos personales?\u00bb use_theme_fonts=\u00bbyes\u00bb][vc_column_text woodmart_inline=\u00bbno\u00bb text_larger=\u00bbno\u00bb]<\/p>\n<p style=\"text-align: justify;\">GIAGroup podr\u00e1 dar acceso o transmitir los datos personales facilitados por el USUARIO a terceros proveedores de servicios con los que GIAGroup haya suscrito acuerdos de encargado de tratamiento de datos, accediendo a dicha informaci\u00f3n para prestar un servicio en favor y por cuenta del Responsable.<\/p>\n<p style=\"text-align: justify;\">En la medida que sea necesaria, podremos transmitir o comunicar los Datos Personales que recogemos a cualquier persona f\u00edsica o jur\u00eddica, a subcontratistas y socios comerciales y a otras empresas del grupo GIAGroup en el \u00e1mbito de la Uni\u00f3n Europea, para ser tratados conforme a las finalidades antes mencionadas.<\/p>\n<p style=\"text-align: justify;\">Puedes consultar los datos de las empresas del Grupo en nuestra p\u00e1gina web\u00a0https:\/\/groupgia.com\/es\/quienes-somos\/\u00a0o, en su caso, en la documentaci\u00f3n asociada al proyecto que le haya hecho llegar GIAGroup.<\/p>\n<p style=\"text-align: justify;\">Una \u00f3ptima prestaci\u00f3n del servicio que GIAGroup ofrece puede requerir que otros terceros prestadores de servicios de GIAGroup accedan a los datos personales como encargados del tratamiento. Entiendes que algunos de dichos prestadores de servicios podr\u00edan encontrarse en pa\u00edses situados fuera del Espacio Econ\u00f3mico Europeo (\u201cEEE\u201d) o que no ofrecen un nivel de seguridad equivalente al espa\u00f1ol. Dichas transferencias internacionales se llevar\u00e1n a cabo adoptando las medidas necesarias para asegurar que los datos personales transferidos fuera del EEE cuentan con las garant\u00edas y est\u00e1ndares adecuados de confidencialidad, protecci\u00f3n y seguridad d ellos mismos, especialmente cuando dichos terceros se encuentren en pa\u00edses que no cuentan con una legislaci\u00f3n de protecci\u00f3n de datos adecuada conforme los par\u00e1metros establecidos por la normativa aplicable en cada jurisdicci\u00f3n.<\/p>\n<p style=\"text-align: justify;\">Adem\u00e1s de lo anterior, GIAGroup podr\u00e1 realizar cesiones o comunicaciones de datos personales para atender sus obligaciones con las Administraciones P\u00fablicas en los casos que as\u00ed se requiera de acuerdo con la legislaci\u00f3n vigente en cada momento y en su caso, igualmente a otros \u00f3rganos como Fuerzas y Cuerpos de Seguridad del Estado y a los \u00f3rganos Judiciales.<\/p>\n<p>[\/vc_column_text][\/vc_column][\/vc_row][vc_row][vc_column][vc_custom_heading text=\u00bb\u00bfCu\u00e1les son tus derechos?\u00bb use_theme_fonts=\u00bbyes\u00bb][vc_column_text woodmart_inline=\u00bbno\u00bb text_larger=\u00bbno\u00bb]<\/p>\n<p style=\"text-align: justify;\">De conformidad con la normativa aplicable, tienes los siguientes derechos:<\/p>\n<ul style=\"text-align: justify;\">\n<li>A\u00a0<strong>acceder\u00a0<\/strong>a tus datos personales para conocer qu\u00e9 datos personales estamos tratando que te conciernen, as\u00ed como a solicitar la\u00a0<strong>rectificaci\u00f3n\u00a0<\/strong>de los datos inexactos o solicitar tu\u00a0<strong>supresi\u00f3n\u00a0<\/strong>cuando, entre otros motivos, los datos ya no sean necesarios para los fines que fueron recogidos. Asimismo, en determinadas circunstancias, podr\u00e1s solicitar la\u00a0<strong>limitaci\u00f3n del tratamiento<\/strong>\u00a0de tus datos, en cuyo caso \u00fanicamente los conservaremos para el ejercicio o la defensa de reclamaciones.<\/li>\n<li>En determinadas circunstancias y por motivos relacionados con su situaci\u00f3n particular, podr\u00e1s\u00a0<strong>oponerte\u00a0<\/strong>al tratamiento de tus datos. Cuando sea aplicable, GIAGroup dejar\u00e1 de tratar tus datos, salvo por motivos leg\u00edtimos imperiosos, o el ejercicio o la defensa de posibles reclamaciones.<\/li>\n<li>Tendr\u00e1s derecho a la\u00a0<strong>portabilidad<\/strong>, es decir, a que los datos personales que hubieras facilitado se transmitan directamente a otro responsable en formato estructurado, de uso com\u00fan y lectura mec\u00e1nica, cuando t\u00e9cnicamente fuera posible.<\/li>\n<\/ul>\n<p style=\"text-align: justify;\">Si tienes cualquier duda acerca de la protecci\u00f3n de tus Datos Personales o de ejercicio de tus derechos, puedes dirigirte en cualquier momento a GIAGroup (<a href=\"mailto:info@groupgia.com\">info@groupgia.com<\/a>) ,por correo electr\u00f3nico o remitiendo por correo postal aportando tu documento de identidad para poder verificar tu identidad. Responderemos a tus peticiones a la mayor brevedad posible y, en todo caso, en el plazo de un (1) mes desde la recepci\u00f3n de tu solicitud. En determinadas circunstancias, dicho plazo podr\u00e1 prorrogarse otros dos (2) meses, en cuyo caso te informaremos oportunamente dentro del plazo de un (1) mes desde la recepci\u00f3n de tu solicitud..<\/p>\n<p>Tambi\u00e9n tienes derecho a presentar una queja ante la autoridad de protecci\u00f3n de datos correspondiente. Para m\u00e1s informaci\u00f3n dir\u00edgete\u00a0a la p\u00e1gina web de la\u00a0<a href=\"https:\/\/www.aepd.es\/\">Agencia Espa\u00f1ola de Protecci\u00f3n de Datos<\/a>.<\/p>\n<p>En todo caso, si consideras que GIAGroup ,trata tus datos personales de forma incorrecta o tienes cualquier duda sobre el tratamiento que llevamos a cabo, puedes ponerte en contacto con nosotros mediante el correo electr\u00f3nico\u00a0<a href=\"mailto:info@groupgia.com\">info@groupgia.com<\/a> o envi\u00e1ndonos una carta a GIAGroup, S.A., con la finalidad de aclararte cualquier duda e intentar solucionar cualquier discrepancia de forma amistosa.[\/vc_column_text][\/vc_column][\/vc_row]<\/p>\n<\/div>","protected":false},"excerpt":{"rendered":"<p>[vc_row][vc_column][vc_custom_heading text=\u00bbPol\u00edtica de Privacidad\u00bb font_container=\u00bbtag:h1|text_align:left\u00bb use_theme_fonts=\u00bbyes\u00bb][\/vc_column][\/vc_row][vc_row][vc_column][vc_column_text woodmart_inline=\u00bbno\u00bb text_larger=\u00bbno\u00bb] Informaci\u00f3n b\u00e1sica sobre Protecci\u00f3n de Datos Responsable GESTI\u00d3N INTEGRAL ALMACENES, S.L., con<\/p>\n","protected":false},"author":4,"featured_media":0,"parent":0,"menu_order":0,"comment_status":"closed","ping_status":"closed","template":"","meta":{"_monsterinsights_skip_tracking":false,"_monsterinsights_sitenote_active":false,"_monsterinsights_sitenote_note":"","_monsterinsights_sitenote_category":0,"footnotes":""},"class_list":["post-8549","page","type-page","status-publish","hentry"],"yoast_head":"<!-- This site is optimized with the Yoast SEO plugin v26.6 - https:\/\/yoast.com\/wordpress\/plugins\/seo\/ -->\n<title>Politica de privacidad - GIATSU<\/title>\n<meta name=\"robots\" content=\"index, follow, max-snippet:-1, max-image-preview:large, max-video-preview:-1\" \/>\n<link rel=\"canonical\" href=\"https:\/\/giatsu.com\/es\/politica-de-privacidad\/\" \/>\n<meta property=\"og:locale\" content=\"es_ES\" \/>\n<meta property=\"og:type\" content=\"article\" \/>\n<meta property=\"og:title\" content=\"Politica de privacidad - GIATSU\" \/>\n<meta property=\"og:description\" content=\"[vc_row][vc_column][vc_custom_heading text=\u00bbPol\u00edtica de Privacidad\u00bb font_container=\u00bbtag:h1|text_align:left\u00bb use_theme_fonts=\u00bbyes\u00bb][\/vc_column][\/vc_row][vc_row][vc_column][vc_column_text woodmart_inline=\u00bbno\u00bb text_larger=\u00bbno\u00bb] Informaci\u00f3n b\u00e1sica sobre Protecci\u00f3n de Datos Responsable GESTI\u00d3N INTEGRAL ALMACENES, S.L., con\" \/>\n<meta property=\"og:url\" content=\"https:\/\/giatsu.com\/es\/politica-de-privacidad\/\" \/>\n<meta property=\"og:site_name\" content=\"GIATSU\" \/>\n<meta property=\"article:modified_time\" content=\"2023-06-07T14:54:42+00:00\" \/>\n<meta name=\"twitter:card\" content=\"summary_large_image\" \/>\n<meta name=\"twitter:label1\" content=\"Tiempo de lectura\" \/>\n\t<meta name=\"twitter:data1\" content=\"8 minutos\" \/>\n<script type=\"application\/ld+json\" class=\"yoast-schema-graph\">{\"@context\":\"https:\/\/schema.org\",\"@graph\":[{\"@type\":\"WebPage\",\"@id\":\"https:\/\/giatsu.com\/es\/politica-de-privacidad\/\",\"url\":\"https:\/\/giatsu.com\/es\/politica-de-privacidad\/\",\"name\":\"Politica de privacidad - GIATSU\",\"isPartOf\":{\"@id\":\"https:\/\/giatsu.com\/es\/#website\"},\"datePublished\":\"2023-06-07T13:08:13+00:00\",\"dateModified\":\"2023-06-07T14:54:42+00:00\",\"breadcrumb\":{\"@id\":\"https:\/\/giatsu.com\/es\/politica-de-privacidad\/#breadcrumb\"},\"inLanguage\":\"es\",\"potentialAction\":[{\"@type\":\"ReadAction\",\"target\":[\"https:\/\/giatsu.com\/es\/politica-de-privacidad\/\"]}]},{\"@type\":\"BreadcrumbList\",\"@id\":\"https:\/\/giatsu.com\/es\/politica-de-privacidad\/#breadcrumb\",\"itemListElement\":[{\"@type\":\"ListItem\",\"position\":1,\"name\":\"Home\",\"item\":\"https:\/\/giatsu.com\/es\/\"},{\"@type\":\"ListItem\",\"position\":2,\"name\":\"Politica de privacidad\"}]},{\"@type\":\"WebSite\",\"@id\":\"https:\/\/giatsu.com\/es\/#website\",\"url\":\"https:\/\/giatsu.com\/es\/\",\"name\":\"GIATSU\",\"description\":\"Quality Comfort Everywhere\",\"potentialAction\":[{\"@type\":\"SearchAction\",\"target\":{\"@type\":\"EntryPoint\",\"urlTemplate\":\"https:\/\/giatsu.com\/es\/?s={search_term_string}\"},\"query-input\":{\"@type\":\"PropertyValueSpecification\",\"valueRequired\":true,\"valueName\":\"search_term_string\"}}],\"inLanguage\":\"es\"}]}<\/script>\n<!-- \/ Yoast SEO plugin. -->","yoast_head_json":{"title":"Politica de privacidad - GIATSU","robots":{"index":"index","follow":"follow","max-snippet":"max-snippet:-1","max-image-preview":"max-image-preview:large","max-video-preview":"max-video-preview:-1"},"canonical":"https:\/\/giatsu.com\/es\/politica-de-privacidad\/","og_locale":"es_ES","og_type":"article","og_title":"Politica de privacidad - GIATSU","og_description":"[vc_row][vc_column][vc_custom_heading text=\u00bbPol\u00edtica de Privacidad\u00bb font_container=\u00bbtag:h1|text_align:left\u00bb use_theme_fonts=\u00bbyes\u00bb][\/vc_column][\/vc_row][vc_row][vc_column][vc_column_text woodmart_inline=\u00bbno\u00bb text_larger=\u00bbno\u00bb] Informaci\u00f3n b\u00e1sica sobre Protecci\u00f3n de Datos Responsable GESTI\u00d3N INTEGRAL ALMACENES, S.L., con","og_url":"https:\/\/giatsu.com\/es\/politica-de-privacidad\/","og_site_name":"GIATSU","article_modified_time":"2023-06-07T14:54:42+00:00","twitter_card":"summary_large_image","twitter_misc":{"Tiempo de lectura":"8 minutos"},"schema":{"@context":"https:\/\/schema.org","@graph":[{"@type":"WebPage","@id":"https:\/\/giatsu.com\/es\/politica-de-privacidad\/","url":"https:\/\/giatsu.com\/es\/politica-de-privacidad\/","name":"Politica de privacidad - GIATSU","isPartOf":{"@id":"https:\/\/giatsu.com\/es\/#website"},"datePublished":"2023-06-07T13:08:13+00:00","dateModified":"2023-06-07T14:54:42+00:00","breadcrumb":{"@id":"https:\/\/giatsu.com\/es\/politica-de-privacidad\/#breadcrumb"},"inLanguage":"es","potentialAction":[{"@type":"ReadAction","target":["https:\/\/giatsu.com\/es\/politica-de-privacidad\/"]}]},{"@type":"BreadcrumbList","@id":"https:\/\/giatsu.com\/es\/politica-de-privacidad\/#breadcrumb","itemListElement":[{"@type":"ListItem","position":1,"name":"Home","item":"https:\/\/giatsu.com\/es\/"},{"@type":"ListItem","position":2,"name":"Politica de privacidad"}]},{"@type":"WebSite","@id":"https:\/\/giatsu.com\/es\/#website","url":"https:\/\/giatsu.com\/es\/","name":"GIATSU","description":"Quality Comfort Everywhere","potentialAction":[{"@type":"SearchAction","target":{"@type":"EntryPoint","urlTemplate":"https:\/\/giatsu.com\/es\/?s={search_term_string}"},"query-input":{"@type":"PropertyValueSpecification","valueRequired":true,"valueName":"search_term_string"}}],"inLanguage":"es"}]}},"_links":{"self":[{"href":"https:\/\/giatsu.com\/es\/wp-json\/wp\/v2\/pages\/8549","targetHints":{"allow":["GET"]}}],"collection":[{"href":"https:\/\/giatsu.com\/es\/wp-json\/wp\/v2\/pages"}],"about":[{"href":"https:\/\/giatsu.com\/es\/wp-json\/wp\/v2\/types\/page"}],"author":[{"embeddable":true,"href":"https:\/\/giatsu.com\/es\/wp-json\/wp\/v2\/users\/4"}],"replies":[{"embeddable":true,"href":"https:\/\/giatsu.com\/es\/wp-json\/wp\/v2\/comments?post=8549"}],"version-history":[{"count":3,"href":"https:\/\/giatsu.com\/es\/wp-json\/wp\/v2\/pages\/8549\/revisions"}],"predecessor-version":[{"id":8566,"href":"https:\/\/giatsu.com\/es\/wp-json\/wp\/v2\/pages\/8549\/revisions\/8566"}],"wp:attachment":[{"href":"https:\/\/giatsu.com\/es\/wp-json\/wp\/v2\/media?parent=8549"}],"curies":[{"name":"wp","href":"https:\/\/api.w.org\/{rel}","templated":true}]}}